{"id":25633,"date":"2021-03-22T16:57:10","date_gmt":"2021-03-22T16:57:10","guid":{"rendered":"https:\/\/ammepark.eu\/?page_id=25633"},"modified":"2021-03-22T16:57:34","modified_gmt":"2021-03-22T16:57:34","slug":"myyntitiedot","status":"publish","type":"page","link":"https:\/\/ammepark.eu\/fi\/myyntitiedot\/","title":{"rendered":"MYYNTITIEDOT"},"content":{"rendered":"[et_pb_section fb_built=&#8221;1&#8243; _builder_version=&#8221;4.7.6&#8243; _module_preset=&#8221;default&#8221; use_background_color_gradient=&#8221;on&#8221; background_color_gradient_start=&#8221;rgba(0,0,0,0.2)&#8221; background_color_gradient_end=&#8221;rgba(0,0,0,0.2)&#8221; background_color_gradient_overlays_image=&#8221;on&#8221; background_image=&#8221;https:\/\/ammepark.eu\/wp-content\/uploads\/2021\/02\/MEELEOLU-FOTO-KRUNDID.jpg&#8221; custom_padding=&#8221;150px||300px||false|false&#8221; da_disable_devices=&#8221;off|off|off&#8221; da_is_popup=&#8221;off&#8221; da_exit_intent=&#8221;off&#8221; da_has_close=&#8221;on&#8221; da_alt_close=&#8221;off&#8221; da_dark_close=&#8221;off&#8221; da_not_modal=&#8221;on&#8221; da_is_singular=&#8221;off&#8221; da_with_loader=&#8221;off&#8221; da_has_shadow=&#8221;on&#8221;][et_pb_row _builder_version=&#8221;4.7.6&#8243; _module_preset=&#8221;default&#8221;][et_pb_column type=&#8221;4_4&#8243; _builder_version=&#8221;4.7.6&#8243; _module_preset=&#8221;default&#8221;][et_pb_text _builder_version=&#8221;4.9.1&#8243; _module_preset=&#8221;default&#8221; text_font=&#8221;Oswald||||||||&#8221; text_text_color=&#8221;#ffffff&#8221; text_font_size=&#8221;35px&#8221; text_line_height=&#8221;1.5em&#8221; text_orientation=&#8221;center&#8221; custom_margin=&#8221;0px||||false|false&#8221; hover_enabled=&#8221;0&#8243; sticky_enabled=&#8221;0&#8243;]\n<p>MYYNTITIEDOT<\/p>\n[\/et_pb_text][\/et_pb_column][\/et_pb_row][\/et_pb_section][et_pb_section fb_built=&#8221;1&#8243; _builder_version=&#8221;4.7.6&#8243; _module_preset=&#8221;default&#8221; da_disable_devices=&#8221;off|off|off&#8221; da_is_popup=&#8221;off&#8221; da_exit_intent=&#8221;off&#8221; da_has_close=&#8221;on&#8221; da_alt_close=&#8221;off&#8221; da_dark_close=&#8221;off&#8221; da_not_modal=&#8221;on&#8221; da_is_singular=&#8221;off&#8221; da_with_loader=&#8221;off&#8221; da_has_shadow=&#8221;on&#8221;][et_pb_row _builder_version=&#8221;4.7.5&#8243; _module_preset=&#8221;default&#8221; custom_padding=&#8221;||0px|||&#8221; locked=&#8221;off&#8221;][et_pb_column type=&#8221;4_4&#8243; _builder_version=&#8221;4.7.5&#8243; _module_preset=&#8221;default&#8221;][et_pb_text _builder_version=&#8221;4.7.6&#8243; _module_preset=&#8221;default&#8221; text_font=&#8221;Oswald|||on|||||&#8221; text_text_color=&#8221;#000000&#8243; text_font_size=&#8221;30px&#8221; text_letter_spacing=&#8221;3px&#8221; text_line_height=&#8221;1.9em&#8221; custom_margin=&#8221;||-3px|||&#8221;]M\u00fc\u00fcgiinfo<br \/>\n[\/et_pb_text][et_pb_divider color=&#8221;#aac069&#8243; divider_weight=&#8221;5px&#8221; _builder_version=&#8221;4.7.6&#8243; _module_preset=&#8221;default&#8221; width=&#8221;10%&#8221;][\/et_pb_divider][et_pb_text _builder_version=&#8221;4.9.1&#8243; _module_preset=&#8221;default&#8221; text_font=&#8221;Poppins|300|||||||&#8221; text_text_color=&#8221;#000000&#8243; text_font_size=&#8221;16px&#8221; custom_margin=&#8221;-26px|||||&#8221;]Apartemendi v\u00f5i krundi broneerimisel s\u00f5lmitakse ostjaga lihtkirjalik broneerimisleping t\u00e4htajaga 2 n\u00e4dalat. Broneeringu kinnitamiseks tasub ostja 2000 eurot.<\/p>\n<p>Apartemendi v\u00f5i krundi ostmiseks s\u00f5lmitakse ostjaga notariaalne v\u00f5la\u00f5iguslik m\u00fc\u00fcgileping. V\u00f5la\u00f5igusliku lepingu s\u00f5lmimisel tasub ostja notari deposiitkontole kokkulepitud osa ostuhinnast. Kui apartement on valmis \u00fcleandmiseks, s\u00f5lmitakse notariaalne asja\u00f5igusleping. Ostja tasub \u00fclej\u00e4\u00e4nud osa ostuhinnast ja toimub omandi\u00f5iguse \u00fcleandmine.<\/p>\n<p>Tehingukulud (notari tasu, riigil\u00f5iv) ei sisaldu ostuhinnas ja need kannab ostja.<\/p>\n<p>Amme Tervisepargi m\u00fc\u00fcki korraldab RE\/MAX Aaba Kinnisvara.<br \/>\n[\/et_pb_text][et_pb_image src=&#8221;https:\/\/ammepark.eu\/wp-content\/uploads\/2021\/03\/83-835402_remax-logo-png-remax-logo-2018-png-transparent.png&#8221; title_text=&#8221;83-835402_remax-logo-png-remax-logo-2018-png-transparent&#8221; _builder_version=&#8221;4.9.1&#8243; _module_preset=&#8221;default&#8221; width=&#8221;33%&#8221; module_alignment=&#8221;center&#8221;][\/et_pb_image][\/et_pb_column][\/et_pb_row][\/et_pb_section]\n","protected":false},"excerpt":{"rendered":"<p>MYYNTITIEDOTM\u00fc\u00fcgiinfo Apartemendi v\u00f5i krundi broneerimisel s\u00f5lmitakse ostjaga lihtkirjalik broneerimisleping t\u00e4htajaga 2 n\u00e4dalat. Broneeringu kinnitamiseks tasub ostja 2000 eurot. Apartemendi v\u00f5i krundi ostmiseks s\u00f5lmitakse ostjaga notariaalne v\u00f5la\u00f5iguslik m\u00fc\u00fcgileping. V\u00f5la\u00f5igusliku lepingu s\u00f5lmimisel tasub ostja notari deposiitkontole kokkulepitud osa ostuhinnast. Kui apartement on valmis \u00fcleandmiseks, s\u00f5lmitakse notariaalne asja\u00f5igusleping. Ostja tasub \u00fclej\u00e4\u00e4nud osa ostuhinnast ja toimub omandi\u00f5iguse \u00fcleandmine. Tehingukulud [&hellip;]<\/p>\n","protected":false},"author":1,"featured_media":0,"parent":0,"menu_order":0,"comment_status":"closed","ping_status":"closed","template":"","meta":{"_et_pb_use_builder":"on","_et_pb_old_content":"","_et_gb_content_width":"","footnotes":""},"class_list":["post-25633","page","type-page","status-publish","hentry"],"_links":{"self":[{"href":"https:\/\/ammepark.eu\/fi\/wp-json\/wp\/v2\/pages\/25633","targetHints":{"allow":["GET"]}}],"collection":[{"href":"https:\/\/ammepark.eu\/fi\/wp-json\/wp\/v2\/pages"}],"about":[{"href":"https:\/\/ammepark.eu\/fi\/wp-json\/wp\/v2\/types\/page"}],"author":[{"embeddable":true,"href":"https:\/\/ammepark.eu\/fi\/wp-json\/wp\/v2\/users\/1"}],"replies":[{"embeddable":true,"href":"https:\/\/ammepark.eu\/fi\/wp-json\/wp\/v2\/comments?post=25633"}],"version-history":[{"count":4,"href":"https:\/\/ammepark.eu\/fi\/wp-json\/wp\/v2\/pages\/25633\/revisions"}],"predecessor-version":[{"id":25637,"href":"https:\/\/ammepark.eu\/fi\/wp-json\/wp\/v2\/pages\/25633\/revisions\/25637"}],"wp:attachment":[{"href":"https:\/\/ammepark.eu\/fi\/wp-json\/wp\/v2\/media?parent=25633"}],"curies":[{"name":"wp","href":"https:\/\/api.w.org\/{rel}","templated":true}]}}