{"id":25619,"date":"2021-03-22T16:49:35","date_gmt":"2021-03-22T16:49:35","guid":{"rendered":"https:\/\/ammepark.eu\/?page_id=25619"},"modified":"2021-03-22T16:54:09","modified_gmt":"2021-03-22T16:54:09","slug":"kehitettava-kiinteisto","status":"publish","type":"page","link":"https:\/\/ammepark.eu\/fi\/kehitettava-kiinteisto\/","title":{"rendered":"KEHITETT\u00c4V\u00c4 KIINTEIST\u00d6"},"content":{"rendered":"[et_pb_section fb_built=&#8221;1&#8243; _builder_version=&#8221;4.7.6&#8243; _module_preset=&#8221;default&#8221; use_background_color_gradient=&#8221;on&#8221; background_color_gradient_start=&#8221;rgba(0,0,0,0.2)&#8221; background_color_gradient_end=&#8221;rgba(0,0,0,0.2)&#8221; background_color_gradient_overlays_image=&#8221;on&#8221; background_image=&#8221;https:\/\/ammepark.eu\/wp-content\/uploads\/2021\/01\/Pealtvaade-2.jpg&#8221; custom_padding=&#8221;125px||125px||true|false&#8221; da_disable_devices=&#8221;off|off|off&#8221; da_is_popup=&#8221;off&#8221; da_exit_intent=&#8221;off&#8221; da_has_close=&#8221;on&#8221; da_alt_close=&#8221;off&#8221; da_dark_close=&#8221;off&#8221; da_not_modal=&#8221;on&#8221; da_is_singular=&#8221;off&#8221; da_with_loader=&#8221;off&#8221; da_has_shadow=&#8221;on&#8221;][et_pb_row _builder_version=&#8221;4.7.6&#8243; _module_preset=&#8221;default&#8221;][et_pb_column type=&#8221;4_4&#8243; _builder_version=&#8221;4.7.6&#8243; _module_preset=&#8221;default&#8221;][et_pb_text _builder_version=&#8221;4.9.1&#8243; _module_preset=&#8221;default&#8221; text_font=&#8221;Oswald||||||||&#8221; text_text_color=&#8221;#ffffff&#8221; text_font_size=&#8221;35px&#8221; text_line_height=&#8221;1.5em&#8221; text_orientation=&#8221;center&#8221; custom_margin=&#8221;0px||||false|false&#8221; hover_enabled=&#8221;0&#8243; sticky_enabled=&#8221;0&#8243;]\n<p>KEHITETT\u00c4V\u00c4 KIINTEIST\u00d6<\/p>\n[\/et_pb_text][\/et_pb_column][\/et_pb_row][\/et_pb_section][et_pb_section fb_built=&#8221;1&#8243; _builder_version=&#8221;4.7.6&#8243; _module_preset=&#8221;default&#8221; custom_padding=&#8221;||0px|||&#8221; da_disable_devices=&#8221;off|off|off&#8221; da_is_popup=&#8221;off&#8221; da_exit_intent=&#8221;off&#8221; da_has_close=&#8221;on&#8221; da_alt_close=&#8221;off&#8221; da_dark_close=&#8221;off&#8221; da_not_modal=&#8221;on&#8221; da_is_singular=&#8221;off&#8221; da_with_loader=&#8221;off&#8221; da_has_shadow=&#8221;on&#8221;][et_pb_row _builder_version=&#8221;4.7.5&#8243; _module_preset=&#8221;default&#8221; custom_padding=&#8221;||0px|||&#8221; locked=&#8221;off&#8221;][et_pb_column type=&#8221;4_4&#8243; _builder_version=&#8221;4.7.5&#8243; _module_preset=&#8221;default&#8221;][et_pb_text _builder_version=&#8221;4.9.1&#8243; _module_preset=&#8221;default&#8221; text_font=&#8221;Oswald|||on|||||&#8221; text_text_color=&#8221;#000000&#8243; text_font_size=&#8221;30px&#8221; text_letter_spacing=&#8221;3px&#8221; text_line_height=&#8221;1.9em&#8221; custom_margin=&#8221;||-3px|||&#8221; hover_enabled=&#8221;0&#8243; sticky_enabled=&#8221;0&#8243;]\n<p>KEHITETT\u00c4V\u00c4 KIINTEIST\u00d6<\/p>\n[\/et_pb_text][et_pb_divider color=&#8221;#aac069&#8243; divider_weight=&#8221;5px&#8221; _builder_version=&#8221;4.7.6&#8243; _module_preset=&#8221;default&#8221; width=&#8221;10%&#8221;][\/et_pb_divider][\/et_pb_column][\/et_pb_row][et_pb_row _builder_version=&#8221;4.9.1&#8243; _module_preset=&#8221;default&#8221; custom_padding=&#8221;0px|||||&#8221; hover_enabled=&#8221;0&#8243; sticky_enabled=&#8221;0&#8243;][et_pb_column type=&#8221;4_4&#8243; _builder_version=&#8221;4.7.6&#8243; _module_preset=&#8221;default&#8221;][et_pb_text _builder_version=&#8221;4.9.1&#8243; _module_preset=&#8221;default&#8221; text_font=&#8221;Poppins|300|||||||&#8221; text_text_color=&#8221;#000000&#8243; text_font_size=&#8221;16px&#8221; text_letter_spacing=&#8221;3px&#8221; header_3_font=&#8221;Oswald||||||||&#8221; custom_margin=&#8221;||6px|||&#8221; hover_enabled=&#8221;0&#8243; locked=&#8221;off&#8221; sticky_enabled=&#8221;0&#8243;]\n<p>5 ha kokoiselle alueelle voidaan perustaa ylelliset huoneistot, sauna- ja kylpyl\u00e4keskuksen sek\u00e4 kahvilan.<\/p>\n<p>Alueelle suunnitellaan rakennettavan kaksi kolmikerroksista 3000 m2 rakennusta, jotka muodostavat L-muotoisen kokonaisuudet, siivet yhdistet\u00e4\u00e4n toisiinsa galleriak\u00e4yt\u00e4v\u00e4n kautta.<\/p>\n<p>Rakennuksen toiseen siipeen on suunniteltu rakennettavan eri kokoiset ylelliset parvekkeelliset huoneistot ja toiseen siipeen sauna- ja kylpyl\u00e4keskus, erilaiset hoitotilat sek\u00e4 kahvila.<\/p>\n<p>Alueen osalta on saatettu voimaan asemakaava, rakennusten rakennussuunnitelmat ovat valmiina.<\/p>\n<p>&nbsp;<\/p>\n<h3>HALUTESSASI PYYD\u00c4 LIS\u00c4TIETOJA!<\/h3>\n[\/et_pb_text][et_pb_divider color=&#8221;#aac069&#8243; divider_weight=&#8221;5px&#8221; _builder_version=&#8221;4.7.6&#8243; _module_preset=&#8221;default&#8221; width=&#8221;10%&#8221;][\/et_pb_divider][et_pb_button button_url=&#8221;https:\/\/ammepark.eu\/arenduskinnistu\/#kontakt&#8221; button_text=&#8221;Ota yhdeytt\u00e4&#8221; button_alignment=&#8221;left&#8221; _builder_version=&#8221;4.9.1&#8243; _module_preset=&#8221;default&#8221; custom_button=&#8221;on&#8221; button_text_size=&#8221;14px&#8221; button_text_color=&#8221;#ffffff&#8221; button_bg_color=&#8221;#383838&#8243; button_border_width=&#8221;1px&#8221; button_border_color=&#8221;#383838&#8243; button_border_radius=&#8221;0px&#8221; button_letter_spacing=&#8221;1px&#8221; button_font=&#8221;Poppins|||on|||||&#8221; button_use_icon=&#8221;off&#8221; custom_margin=&#8221;-36px||||false|false&#8221; custom_padding=&#8221;17px|30px|17px|30px|true|true&#8221; hover_enabled=&#8221;0&#8243; button_text_color__hover=&#8221;#000000&#8243; button_text_color__hover_enabled=&#8221;on&#8221; button_bg_color__hover=&#8221;#bfbfbf&#8221; button_bg_color__hover_enabled=&#8221;on&#8221; button_border_color__hover=&#8221;#bfbfbf&#8221; button_border_color__hover_enabled=&#8221;on&#8221; button_letter_spacing__hover=&#8221;2px&#8221; button_letter_spacing__hover_enabled=&#8221;on&#8221; sticky_enabled=&#8221;0&#8243;][\/et_pb_button][et_pb_image src=&#8221;https:\/\/ammepark.eu\/wp-content\/uploads\/2021\/01\/Pealtvaade-2.jpg&#8221; title_text=&#8221;Pealtvaade 2&#8243; show_in_lightbox=&#8221;on&#8221; _builder_version=&#8221;4.7.6&#8243; _module_preset=&#8221;default&#8221;][\/et_pb_image][\/et_pb_column][\/et_pb_row][et_pb_row column_structure=&#8221;1_3,1_3,1_3&#8243; disabled_on=&#8221;on|on|on&#8221; _builder_version=&#8221;4.7.6&#8243; _module_preset=&#8221;default&#8221; disabled=&#8221;on&#8221;][et_pb_column type=&#8221;1_3&#8243; _builder_version=&#8221;4.7.6&#8243; _module_preset=&#8221;default&#8221; border_width_all=&#8221;1px&#8221;][et_pb_text _builder_version=&#8221;4.7.6&#8243; _module_preset=&#8221;default&#8221; text_font=&#8221;Oswald|600||on|||||&#8221; text_font_size=&#8221;18px&#8221; text_letter_spacing=&#8221;3px&#8221; text_line_height=&#8221;1.9em&#8221; text_orientation=&#8221;center&#8221;]Korter 1<br \/>\n[\/et_pb_text][et_pb_text _builder_version=&#8221;4.7.6&#8243; _module_preset=&#8221;default&#8221; text_letter_spacing=&#8221;1px&#8221; text_orientation=&#8221;center&#8221;]Suurus: 128,6m\u00b2<br \/>\nTerrass: 18,2m\u00b2<br \/>\nR\u00f5du: 7,1m\u00b2<br \/>\nHind: 217000.-<\/p>\n<p><span style=\"color: #ff0000;\">Staatus: M\u00dc\u00dcDUD<\/span><br \/>\n[\/et_pb_text][et_pb_text _builder_version=&#8221;4.7.6&#8243; _module_preset=&#8221;default&#8221; text_font=&#8221;Oswald||||||||&#8221; text_font_size=&#8221;16px&#8221; text_letter_spacing=&#8221;1px&#8221; text_orientation=&#8221;center&#8221;]Korruseplaanid<br \/>\n[\/et_pb_text][et_pb_image src=&#8221;https:\/\/ammepark.eu\/wp-content\/uploads\/2020\/12\/mai-27c-1.jpg&#8221; title_text=&#8221;mai-27c-1&#8243; _builder_version=&#8221;4.7.6&#8243; _module_preset=&#8221;default&#8221;][\/et_pb_image][et_pb_blurb title=&#8221;Korruseplaanid (PDF)&#8221; url=&#8221;https:\/\/rannarida.ee\/wp-content\/uploads\/2019\/09\/Mai-27C.pdf&#8221; use_icon=&#8221;on&#8221; font_icon=&#8221;%%208%%&#8221; icon_color=&#8221;#ffb31a&#8221; icon_placement=&#8221;left&#8221; use_icon_font_size=&#8221;on&#8221; icon_font_size=&#8221;20px&#8221; _builder_version=&#8221;4.7.6&#8243; _module_preset=&#8221;default&#8221; header_font=&#8221;Oswald|300|||||||&#8221; header_text_align=&#8221;center&#8221; header_letter_spacing=&#8221;2px&#8221; custom_margin=&#8221;10px|33px|10px|33px|true|true&#8221; link_option_url=&#8221;https:\/\/rannarida.ee\/wp-content\/uploads\/2019\/09\/Mai-27C.pdf&#8221;][\/et_pb_blurb][et_pb_blurb title=&#8221;m\u00f5\u00f5tkava plaanid (PDF)&#8221; use_icon=&#8221;on&#8221; font_icon=&#8221;%%208%%&#8221; icon_color=&#8221;#ffb31a&#8221; icon_placement=&#8221;left&#8221; use_icon_font_size=&#8221;on&#8221; icon_font_size=&#8221;20px&#8221; _builder_version=&#8221;4.7.6&#8243; _module_preset=&#8221;default&#8221; header_font=&#8221;Oswald|300|||||||&#8221; header_text_align=&#8221;center&#8221; header_letter_spacing=&#8221;2px&#8221; custom_margin=&#8221;10px|33px|10px|33px|true|true&#8221;][\/et_pb_blurb][et_pb_blurb title=&#8221;Kasutuskorra plaan (PDF)&#8221; use_icon=&#8221;on&#8221; font_icon=&#8221;%%208%%&#8221; icon_color=&#8221;#ffb31a&#8221; icon_placement=&#8221;left&#8221; use_icon_font_size=&#8221;on&#8221; icon_font_size=&#8221;20px&#8221; _builder_version=&#8221;4.7.6&#8243; _module_preset=&#8221;default&#8221; header_font=&#8221;Oswald|300|||||||&#8221; header_text_align=&#8221;center&#8221; header_letter_spacing=&#8221;2px&#8221; custom_margin=&#8221;10px|33px|10px|33px|true|true&#8221;][\/et_pb_blurb][\/et_pb_column][et_pb_column type=&#8221;1_3&#8243; _builder_version=&#8221;4.7.6&#8243; _module_preset=&#8221;default&#8221; border_width_all=&#8221;1px&#8221;][et_pb_text _builder_version=&#8221;4.7.6&#8243; _module_preset=&#8221;default&#8221; text_font=&#8221;Oswald|600||on|||||&#8221; text_font_size=&#8221;18px&#8221; text_letter_spacing=&#8221;3px&#8221; text_line_height=&#8221;1.9em&#8221; text_orientation=&#8221;center&#8221;]Korter 1<br \/>\n[\/et_pb_text][et_pb_text _builder_version=&#8221;4.7.6&#8243; _module_preset=&#8221;default&#8221; text_letter_spacing=&#8221;1px&#8221; text_orientation=&#8221;center&#8221;]Suurus: 128,6m\u00b2<br \/>\nTerrass: 18,2m\u00b2<br \/>\nR\u00f5du: 7,1m\u00b2<br \/>\nHind: 217000.-<\/p>\n<p><span style=\"color: #ff0000;\">Staatus: M\u00dc\u00dcDUD<\/span><br \/>\n[\/et_pb_text][et_pb_text _builder_version=&#8221;4.7.6&#8243; _module_preset=&#8221;default&#8221; text_font=&#8221;Oswald||||||||&#8221; text_font_size=&#8221;16px&#8221; text_letter_spacing=&#8221;1px&#8221; text_orientation=&#8221;center&#8221;]Korruseplaanid<br \/>\n[\/et_pb_text][et_pb_image src=&#8221;https:\/\/ammepark.eu\/wp-content\/uploads\/2020\/12\/mai-27c-1.jpg&#8221; title_text=&#8221;mai-27c-1&#8243; _builder_version=&#8221;4.7.6&#8243; _module_preset=&#8221;default&#8221;][\/et_pb_image][et_pb_blurb title=&#8221;Korruseplaanid (PDF)&#8221; url=&#8221;https:\/\/rannarida.ee\/wp-content\/uploads\/2019\/09\/Mai-27C.pdf&#8221; use_icon=&#8221;on&#8221; font_icon=&#8221;%%208%%&#8221; icon_color=&#8221;#ffb31a&#8221; icon_placement=&#8221;left&#8221; use_icon_font_size=&#8221;on&#8221; icon_font_size=&#8221;20px&#8221; _builder_version=&#8221;4.7.6&#8243; _module_preset=&#8221;default&#8221; header_font=&#8221;Oswald|300|||||||&#8221; header_text_align=&#8221;center&#8221; header_letter_spacing=&#8221;2px&#8221; custom_margin=&#8221;10px|33px|10px|33px|true|true&#8221; link_option_url=&#8221;https:\/\/rannarida.ee\/wp-content\/uploads\/2019\/09\/Mai-27C.pdf&#8221;][\/et_pb_blurb][et_pb_blurb title=&#8221;m\u00f5\u00f5tkava plaanid (PDF)&#8221; use_icon=&#8221;on&#8221; font_icon=&#8221;%%208%%&#8221; icon_color=&#8221;#ffb31a&#8221; icon_placement=&#8221;left&#8221; use_icon_font_size=&#8221;on&#8221; icon_font_size=&#8221;20px&#8221; _builder_version=&#8221;4.7.6&#8243; _module_preset=&#8221;default&#8221; header_font=&#8221;Oswald|300|||||||&#8221; header_text_align=&#8221;center&#8221; header_letter_spacing=&#8221;2px&#8221; custom_margin=&#8221;10px|33px|10px|33px|true|true&#8221;][\/et_pb_blurb][et_pb_blurb title=&#8221;Kasutuskorra plaan (PDF)&#8221; use_icon=&#8221;on&#8221; font_icon=&#8221;%%208%%&#8221; icon_color=&#8221;#ffb31a&#8221; icon_placement=&#8221;left&#8221; use_icon_font_size=&#8221;on&#8221; icon_font_size=&#8221;20px&#8221; _builder_version=&#8221;4.7.6&#8243; _module_preset=&#8221;default&#8221; header_font=&#8221;Oswald|300|||||||&#8221; header_text_align=&#8221;center&#8221; header_letter_spacing=&#8221;2px&#8221; custom_margin=&#8221;10px|33px|10px|33px|true|true&#8221;][\/et_pb_blurb][\/et_pb_column][et_pb_column type=&#8221;1_3&#8243; _builder_version=&#8221;4.7.6&#8243; _module_preset=&#8221;default&#8221; border_width_all=&#8221;1px&#8221;][et_pb_text _builder_version=&#8221;4.7.6&#8243; _module_preset=&#8221;default&#8221; text_font=&#8221;Oswald|600||on|||||&#8221; text_font_size=&#8221;18px&#8221; text_letter_spacing=&#8221;3px&#8221; text_line_height=&#8221;1.9em&#8221; text_orientation=&#8221;center&#8221;]Korter 1<br \/>\n[\/et_pb_text][et_pb_text _builder_version=&#8221;4.7.6&#8243; _module_preset=&#8221;default&#8221; text_letter_spacing=&#8221;1px&#8221; text_orientation=&#8221;center&#8221;]Suurus: 128,6m\u00b2<br \/>\nTerrass: 18,2m\u00b2<br \/>\nR\u00f5du: 7,1m\u00b2<br \/>\nHind: 217000.-<\/p>\n<p><span style=\"color: #ff0000;\">Staatus: M\u00dc\u00dcDUD<\/span><br \/>\n[\/et_pb_text][et_pb_text _builder_version=&#8221;4.7.6&#8243; _module_preset=&#8221;default&#8221; text_font=&#8221;Oswald||||||||&#8221; text_font_size=&#8221;16px&#8221; text_letter_spacing=&#8221;1px&#8221; text_orientation=&#8221;center&#8221;]Korruseplaanid<br \/>\n[\/et_pb_text][et_pb_image src=&#8221;https:\/\/ammepark.eu\/wp-content\/uploads\/2020\/12\/mai-27c-1.jpg&#8221; title_text=&#8221;mai-27c-1&#8243; _builder_version=&#8221;4.7.6&#8243; _module_preset=&#8221;default&#8221;][\/et_pb_image][et_pb_blurb title=&#8221;Korruseplaanid (PDF)&#8221; url=&#8221;https:\/\/rannarida.ee\/wp-content\/uploads\/2019\/09\/Mai-27C.pdf&#8221; use_icon=&#8221;on&#8221; font_icon=&#8221;%%208%%&#8221; icon_color=&#8221;#ffb31a&#8221; icon_placement=&#8221;left&#8221; use_icon_font_size=&#8221;on&#8221; icon_font_size=&#8221;20px&#8221; _builder_version=&#8221;4.7.6&#8243; _module_preset=&#8221;default&#8221; header_font=&#8221;Oswald|300|||||||&#8221; header_text_align=&#8221;center&#8221; header_letter_spacing=&#8221;2px&#8221; custom_margin=&#8221;10px|33px|10px|33px|true|true&#8221; link_option_url=&#8221;https:\/\/rannarida.ee\/wp-content\/uploads\/2019\/09\/Mai-27C.pdf&#8221;][\/et_pb_blurb][et_pb_blurb title=&#8221;m\u00f5\u00f5tkava plaanid (PDF)&#8221; use_icon=&#8221;on&#8221; font_icon=&#8221;%%208%%&#8221; icon_color=&#8221;#ffb31a&#8221; icon_placement=&#8221;left&#8221; use_icon_font_size=&#8221;on&#8221; icon_font_size=&#8221;20px&#8221; _builder_version=&#8221;4.7.6&#8243; _module_preset=&#8221;default&#8221; header_font=&#8221;Oswald|300|||||||&#8221; header_text_align=&#8221;center&#8221; header_letter_spacing=&#8221;2px&#8221; custom_margin=&#8221;10px|33px|10px|33px|true|true&#8221;][\/et_pb_blurb][et_pb_blurb title=&#8221;Kasutuskorra plaan (PDF)&#8221; use_icon=&#8221;on&#8221; font_icon=&#8221;%%208%%&#8221; icon_color=&#8221;#ffb31a&#8221; icon_placement=&#8221;left&#8221; use_icon_font_size=&#8221;on&#8221; icon_font_size=&#8221;20px&#8221; _builder_version=&#8221;4.7.6&#8243; _module_preset=&#8221;default&#8221; header_font=&#8221;Oswald|300|||||||&#8221; header_text_align=&#8221;center&#8221; header_letter_spacing=&#8221;2px&#8221; custom_margin=&#8221;10px|33px|10px|33px|true|true&#8221;][\/et_pb_blurb][\/et_pb_column][\/et_pb_row][\/et_pb_section][et_pb_section fb_built=&#8221;1&#8243; disabled_on=&#8221;on|on|on&#8221; _builder_version=&#8221;4.7.6&#8243; _module_preset=&#8221;default&#8221; custom_padding=&#8221;2px|||||&#8221; da_disable_devices=&#8221;off|off|off&#8221; disabled=&#8221;on&#8221; da_is_popup=&#8221;off&#8221; da_exit_intent=&#8221;off&#8221; da_has_close=&#8221;on&#8221; da_alt_close=&#8221;off&#8221; da_dark_close=&#8221;off&#8221; da_not_modal=&#8221;on&#8221; da_is_singular=&#8221;off&#8221; da_with_loader=&#8221;off&#8221; da_has_shadow=&#8221;on&#8221;][et_pb_row column_structure=&#8221;1_3,1_3,1_3&#8243; _builder_version=&#8221;4.7.6&#8243; _module_preset=&#8221;default&#8221;][et_pb_column type=&#8221;1_3&#8243; _builder_version=&#8221;4.7.6&#8243; _module_preset=&#8221;default&#8221; border_width_all=&#8221;1px&#8221;][et_pb_text _builder_version=&#8221;4.7.6&#8243; _module_preset=&#8221;default&#8221; text_font=&#8221;Oswald|600||on|||||&#8221; text_font_size=&#8221;18px&#8221; text_letter_spacing=&#8221;3px&#8221; text_line_height=&#8221;1.9em&#8221; text_orientation=&#8221;center&#8221;]Korter 1<br \/>\n[\/et_pb_text][et_pb_text _builder_version=&#8221;4.7.6&#8243; _module_preset=&#8221;default&#8221; text_letter_spacing=&#8221;1px&#8221; text_orientation=&#8221;center&#8221;]Suurus: 128,6m\u00b2<br \/>\nTerrass: 18,2m\u00b2<br \/>\nR\u00f5du: 7,1m\u00b2<br \/>\nHind: 217000.-<\/p>\n<p><span style=\"color: #ff0000;\">Staatus: M\u00dc\u00dcDUD<\/span><br \/>\n[\/et_pb_text][et_pb_text _builder_version=&#8221;4.7.6&#8243; _module_preset=&#8221;default&#8221; text_font=&#8221;Oswald||||||||&#8221; text_font_size=&#8221;16px&#8221; text_letter_spacing=&#8221;1px&#8221; text_orientation=&#8221;center&#8221;]Korruseplaanid<br \/>\n[\/et_pb_text][et_pb_image src=&#8221;https:\/\/ammepark.eu\/wp-content\/uploads\/2020\/12\/mai-27c-1.jpg&#8221; title_text=&#8221;mai-27c-1&#8243; _builder_version=&#8221;4.7.6&#8243; _module_preset=&#8221;default&#8221;][\/et_pb_image][et_pb_blurb title=&#8221;Korruseplaanid (PDF)&#8221; use_icon=&#8221;on&#8221; font_icon=&#8221;%%208%%&#8221; icon_color=&#8221;#ffb31a&#8221; icon_placement=&#8221;left&#8221; use_icon_font_size=&#8221;on&#8221; icon_font_size=&#8221;20px&#8221; _builder_version=&#8221;4.7.6&#8243; _module_preset=&#8221;default&#8221; header_font=&#8221;Oswald|300|||||||&#8221; header_text_align=&#8221;center&#8221; header_letter_spacing=&#8221;2px&#8221; custom_margin=&#8221;10px|33px|10px|33px|true|true&#8221;][\/et_pb_blurb][et_pb_blurb title=&#8221;m\u00f5\u00f5tkava plaanid (PDF)&#8221; use_icon=&#8221;on&#8221; font_icon=&#8221;%%208%%&#8221; icon_color=&#8221;#ffb31a&#8221; icon_placement=&#8221;left&#8221; use_icon_font_size=&#8221;on&#8221; icon_font_size=&#8221;20px&#8221; _builder_version=&#8221;4.7.6&#8243; _module_preset=&#8221;default&#8221; header_font=&#8221;Oswald|300|||||||&#8221; header_text_align=&#8221;center&#8221; header_letter_spacing=&#8221;2px&#8221; custom_margin=&#8221;10px|33px|10px|33px|true|true&#8221;][\/et_pb_blurb][et_pb_blurb title=&#8221;Kasutuskorra plaan (PDF)&#8221; use_icon=&#8221;on&#8221; font_icon=&#8221;%%208%%&#8221; icon_color=&#8221;#ffb31a&#8221; icon_placement=&#8221;left&#8221; use_icon_font_size=&#8221;on&#8221; icon_font_size=&#8221;20px&#8221; _builder_version=&#8221;4.7.6&#8243; _module_preset=&#8221;default&#8221; header_font=&#8221;Oswald|300|||||||&#8221; header_text_align=&#8221;center&#8221; header_letter_spacing=&#8221;2px&#8221; custom_margin=&#8221;10px|33px|10px|33px|true|true&#8221;][\/et_pb_blurb][\/et_pb_column][et_pb_column type=&#8221;1_3&#8243; _builder_version=&#8221;4.7.6&#8243; _module_preset=&#8221;default&#8221; border_width_all=&#8221;1px&#8221;][et_pb_text _builder_version=&#8221;4.7.6&#8243; _module_preset=&#8221;default&#8221; text_font=&#8221;Oswald|600||on|||||&#8221; text_font_size=&#8221;18px&#8221; text_letter_spacing=&#8221;3px&#8221; text_line_height=&#8221;1.9em&#8221; text_orientation=&#8221;center&#8221;]Korter 1<br \/>\n[\/et_pb_text][et_pb_text _builder_version=&#8221;4.7.6&#8243; _module_preset=&#8221;default&#8221; text_letter_spacing=&#8221;1px&#8221; text_orientation=&#8221;center&#8221;]Suurus: 128,6m\u00b2<br \/>\nTerrass: 18,2m\u00b2<br \/>\nR\u00f5du: 7,1m\u00b2<br \/>\nHind: 217000.-<\/p>\n<p><span style=\"color: #ff0000;\">Staatus: M\u00dc\u00dcDUD<\/span><br \/>\n[\/et_pb_text][et_pb_text _builder_version=&#8221;4.7.6&#8243; _module_preset=&#8221;default&#8221; text_font=&#8221;Oswald||||||||&#8221; text_font_size=&#8221;16px&#8221; text_letter_spacing=&#8221;1px&#8221; text_orientation=&#8221;center&#8221;]Korruseplaanid<br \/>\n[\/et_pb_text][et_pb_image src=&#8221;https:\/\/ammepark.eu\/wp-content\/uploads\/2020\/12\/mai-27c-1.jpg&#8221; title_text=&#8221;mai-27c-1&#8243; _builder_version=&#8221;4.7.6&#8243; _module_preset=&#8221;default&#8221;][\/et_pb_image][et_pb_blurb title=&#8221;Korruseplaanid (PDF)&#8221; use_icon=&#8221;on&#8221; font_icon=&#8221;%%208%%&#8221; icon_color=&#8221;#ffb31a&#8221; icon_placement=&#8221;left&#8221; use_icon_font_size=&#8221;on&#8221; icon_font_size=&#8221;20px&#8221; _builder_version=&#8221;4.7.6&#8243; _module_preset=&#8221;default&#8221; header_font=&#8221;Oswald|300|||||||&#8221; header_text_align=&#8221;center&#8221; header_letter_spacing=&#8221;2px&#8221; custom_margin=&#8221;10px|33px|10px|33px|true|true&#8221;][\/et_pb_blurb][et_pb_blurb title=&#8221;m\u00f5\u00f5tkava plaanid (PDF)&#8221; use_icon=&#8221;on&#8221; font_icon=&#8221;%%208%%&#8221; icon_color=&#8221;#ffb31a&#8221; icon_placement=&#8221;left&#8221; use_icon_font_size=&#8221;on&#8221; icon_font_size=&#8221;20px&#8221; _builder_version=&#8221;4.7.6&#8243; _module_preset=&#8221;default&#8221; header_font=&#8221;Oswald|300|||||||&#8221; header_text_align=&#8221;center&#8221; header_letter_spacing=&#8221;2px&#8221; custom_margin=&#8221;10px|33px|10px|33px|true|true&#8221;][\/et_pb_blurb][et_pb_blurb title=&#8221;Kasutuskorra plaan (PDF)&#8221; use_icon=&#8221;on&#8221; font_icon=&#8221;%%208%%&#8221; icon_color=&#8221;#ffb31a&#8221; icon_placement=&#8221;left&#8221; use_icon_font_size=&#8221;on&#8221; icon_font_size=&#8221;20px&#8221; _builder_version=&#8221;4.7.6&#8243; _module_preset=&#8221;default&#8221; header_font=&#8221;Oswald|300|||||||&#8221; header_text_align=&#8221;center&#8221; header_letter_spacing=&#8221;2px&#8221; custom_margin=&#8221;10px|33px|10px|33px|true|true&#8221;][\/et_pb_blurb][\/et_pb_column][et_pb_column type=&#8221;1_3&#8243; _builder_version=&#8221;4.7.6&#8243; _module_preset=&#8221;default&#8221; border_width_all=&#8221;1px&#8221;][et_pb_text _builder_version=&#8221;4.7.6&#8243; _module_preset=&#8221;default&#8221; text_font=&#8221;Oswald|600||on|||||&#8221; text_font_size=&#8221;18px&#8221; text_letter_spacing=&#8221;3px&#8221; text_line_height=&#8221;1.9em&#8221; text_orientation=&#8221;center&#8221;]Korter 1<br \/>\n[\/et_pb_text][et_pb_text _builder_version=&#8221;4.7.6&#8243; _module_preset=&#8221;default&#8221; text_letter_spacing=&#8221;1px&#8221; text_orientation=&#8221;center&#8221;]Suurus: 128,6m\u00b2<br \/>\nTerrass: 18,2m\u00b2<br \/>\nR\u00f5du: 7,1m\u00b2<br \/>\nHind: 217000.-<\/p>\n<p><span style=\"color: #ff0000;\">Staatus: M\u00dc\u00dcDUD<\/span><br \/>\n[\/et_pb_text][et_pb_text _builder_version=&#8221;4.7.6&#8243; _module_preset=&#8221;default&#8221; text_font=&#8221;Oswald||||||||&#8221; text_font_size=&#8221;16px&#8221; text_letter_spacing=&#8221;1px&#8221; text_orientation=&#8221;center&#8221;]Korruseplaanid<br \/>\n[\/et_pb_text][et_pb_image src=&#8221;https:\/\/ammepark.eu\/wp-content\/uploads\/2020\/12\/mai-27c-1.jpg&#8221; title_text=&#8221;mai-27c-1&#8243; _builder_version=&#8221;4.7.6&#8243; _module_preset=&#8221;default&#8221;][\/et_pb_image][et_pb_blurb title=&#8221;Korruseplaanid (PDF)&#8221; use_icon=&#8221;on&#8221; font_icon=&#8221;%%208%%&#8221; icon_color=&#8221;#ffb31a&#8221; icon_placement=&#8221;left&#8221; use_icon_font_size=&#8221;on&#8221; icon_font_size=&#8221;20px&#8221; _builder_version=&#8221;4.7.6&#8243; _module_preset=&#8221;default&#8221; header_font=&#8221;Oswald|300|||||||&#8221; header_text_align=&#8221;center&#8221; header_letter_spacing=&#8221;2px&#8221; custom_margin=&#8221;10px|33px|10px|33px|true|true&#8221;][\/et_pb_blurb][et_pb_blurb title=&#8221;m\u00f5\u00f5tkava plaanid (PDF)&#8221; use_icon=&#8221;on&#8221; font_icon=&#8221;%%208%%&#8221; icon_color=&#8221;#ffb31a&#8221; icon_placement=&#8221;left&#8221; use_icon_font_size=&#8221;on&#8221; icon_font_size=&#8221;20px&#8221; _builder_version=&#8221;4.7.6&#8243; _module_preset=&#8221;default&#8221; header_font=&#8221;Oswald|300|||||||&#8221; header_text_align=&#8221;center&#8221; header_letter_spacing=&#8221;2px&#8221; custom_margin=&#8221;10px|33px|10px|33px|true|true&#8221;][\/et_pb_blurb][et_pb_blurb title=&#8221;Kasutuskorra plaan (PDF)&#8221; use_icon=&#8221;on&#8221; font_icon=&#8221;%%208%%&#8221; icon_color=&#8221;#ffb31a&#8221; icon_placement=&#8221;left&#8221; use_icon_font_size=&#8221;on&#8221; icon_font_size=&#8221;20px&#8221; _builder_version=&#8221;4.7.6&#8243; _module_preset=&#8221;default&#8221; header_font=&#8221;Oswald|300|||||||&#8221; header_text_align=&#8221;center&#8221; header_letter_spacing=&#8221;2px&#8221; custom_margin=&#8221;10px|33px|10px|33px|true|true&#8221;][\/et_pb_blurb][\/et_pb_column][\/et_pb_row][\/et_pb_section]\n","protected":false},"excerpt":{"rendered":"<p>KEHITETT\u00c4V\u00c4 KIINTEIST\u00d6KEHITETT\u00c4V\u00c4 KIINTEIST\u00d65 ha kokoiselle alueelle voidaan perustaa ylelliset huoneistot, sauna- ja kylpyl\u00e4keskuksen sek\u00e4 kahvilan. Alueelle suunnitellaan rakennettavan kaksi kolmikerroksista 3000 m2 rakennusta, jotka muodostavat L-muotoisen kokonaisuudet, siivet yhdistet\u00e4\u00e4n toisiinsa galleriak\u00e4yt\u00e4v\u00e4n kautta. Rakennuksen toiseen siipeen on suunniteltu rakennettavan eri kokoiset ylelliset parvekkeelliset huoneistot ja toiseen siipeen sauna- ja kylpyl\u00e4keskus, erilaiset hoitotilat sek\u00e4 kahvila. Alueen osalta [&hellip;]<\/p>\n","protected":false},"author":1,"featured_media":0,"parent":0,"menu_order":0,"comment_status":"open","ping_status":"open","template":"","meta":{"_et_pb_use_builder":"on","_et_pb_old_content":"","_et_gb_content_width":"","footnotes":""},"class_list":["post-25619","page","type-page","status-publish","hentry"],"_links":{"self":[{"href":"https:\/\/ammepark.eu\/fi\/wp-json\/wp\/v2\/pages\/25619","targetHints":{"allow":["GET"]}}],"collection":[{"href":"https:\/\/ammepark.eu\/fi\/wp-json\/wp\/v2\/pages"}],"about":[{"href":"https:\/\/ammepark.eu\/fi\/wp-json\/wp\/v2\/types\/page"}],"author":[{"embeddable":true,"href":"https:\/\/ammepark.eu\/fi\/wp-json\/wp\/v2\/users\/1"}],"replies":[{"embeddable":true,"href":"https:\/\/ammepark.eu\/fi\/wp-json\/wp\/v2\/comments?post=25619"}],"version-history":[{"count":4,"href":"https:\/\/ammepark.eu\/fi\/wp-json\/wp\/v2\/pages\/25619\/revisions"}],"predecessor-version":[{"id":25624,"href":"https:\/\/ammepark.eu\/fi\/wp-json\/wp\/v2\/pages\/25619\/revisions\/25624"}],"wp:attachment":[{"href":"https:\/\/ammepark.eu\/fi\/wp-json\/wp\/v2\/media?parent=25619"}],"curies":[{"name":"wp","href":"https:\/\/api.w.org\/{rel}","templated":true}]}}