{"id":25590,"date":"2021-03-22T16:33:13","date_gmt":"2021-03-22T16:33:13","guid":{"rendered":"https:\/\/ammepark.eu\/?page_id=25590"},"modified":"2021-03-22T16:35:48","modified_gmt":"2021-03-22T16:35:48","slug":"tontit","status":"publish","type":"page","link":"https:\/\/ammepark.eu\/fi\/tontit\/","title":{"rendered":"TONTIT"},"content":{"rendered":"[et_pb_section fb_built=&#8221;1&#8243; _builder_version=&#8221;4.9.1&#8243; _module_preset=&#8221;default&#8221; use_background_color_gradient=&#8221;on&#8221; background_color_gradient_start=&#8221;rgba(0,0,0,0.2)&#8221; background_color_gradient_end=&#8221;rgba(0,0,0,0.2)&#8221; background_color_gradient_overlays_image=&#8221;on&#8221; background_image=&#8221;https:\/\/ammepark.eu\/wp-content\/uploads\/2021\/02\/DJI_0821.jpg&#8221; background_position=&#8221;top_center&#8221; custom_padding=&#8221;170px||170px||true|false&#8221; da_disable_devices=&#8221;off|off|off&#8221; da_is_popup=&#8221;off&#8221; da_exit_intent=&#8221;off&#8221; da_has_close=&#8221;on&#8221; da_alt_close=&#8221;off&#8221; da_dark_close=&#8221;off&#8221; da_not_modal=&#8221;on&#8221; da_is_singular=&#8221;off&#8221; da_with_loader=&#8221;off&#8221; da_has_shadow=&#8221;on&#8221;][et_pb_row _builder_version=&#8221;4.7.6&#8243; _module_preset=&#8221;default&#8221;][et_pb_column type=&#8221;4_4&#8243; _builder_version=&#8221;4.7.6&#8243; _module_preset=&#8221;default&#8221;][et_pb_text _builder_version=&#8221;4.9.1&#8243; _module_preset=&#8221;default&#8221; text_font=&#8221;Oswald||||||||&#8221; text_text_color=&#8221;#ffffff&#8221; text_font_size=&#8221;35px&#8221; text_line_height=&#8221;1.5em&#8221; text_orientation=&#8221;center&#8221; custom_margin=&#8221;0px||||false|false&#8221; hover_enabled=&#8221;0&#8243; sticky_enabled=&#8221;0&#8243;]\n<p>TONTTIEN MYYNTI ON ALKANUT<\/p>\n[\/et_pb_text][\/et_pb_column][\/et_pb_row][\/et_pb_section][et_pb_section fb_built=&#8221;1&#8243; _builder_version=&#8221;4.7.6&#8243; _module_preset=&#8221;default&#8221; custom_padding=&#8221;||0px||false|false&#8221; da_disable_devices=&#8221;off|off|off&#8221; da_is_popup=&#8221;off&#8221; da_exit_intent=&#8221;off&#8221; da_has_close=&#8221;on&#8221; da_alt_close=&#8221;off&#8221; da_dark_close=&#8221;off&#8221; da_not_modal=&#8221;on&#8221; da_is_singular=&#8221;off&#8221; da_with_loader=&#8221;off&#8221; da_has_shadow=&#8221;on&#8221;][et_pb_row _builder_version=&#8221;4.7.5&#8243; _module_preset=&#8221;default&#8221; custom_padding=&#8221;||0px|||&#8221; locked=&#8221;off&#8221;][et_pb_column type=&#8221;4_4&#8243; _builder_version=&#8221;4.7.5&#8243; _module_preset=&#8221;default&#8221;][et_pb_text _builder_version=&#8221;4.9.1&#8243; _module_preset=&#8221;default&#8221; text_font=&#8221;Oswald|||on|||||&#8221; text_text_color=&#8221;#000000&#8243; text_font_size=&#8221;30px&#8221; text_letter_spacing=&#8221;3px&#8221; text_line_height=&#8221;1.9em&#8221; hover_enabled=&#8221;0&#8243; sticky_enabled=&#8221;0&#8243;]\n<p>TONTIT<\/p>\n[\/et_pb_text][\/et_pb_column][\/et_pb_row][et_pb_row _builder_version=&#8221;4.7.6&#8243; _module_preset=&#8221;default&#8221; custom_padding=&#8221;0px|||||&#8221;][et_pb_column type=&#8221;4_4&#8243; _builder_version=&#8221;4.7.6&#8243; _module_preset=&#8221;default&#8221;][et_pb_text _builder_version=&#8221;4.9.1&#8243; _module_preset=&#8221;default&#8221; text_font=&#8221;Poppins|300|||||||&#8221; text_text_color=&#8221;#000000&#8243; text_font_size=&#8221;16px&#8221; text_letter_spacing=&#8221;3px&#8221; hover_enabled=&#8221;0&#8243; locked=&#8221;off&#8221; sticky_enabled=&#8221;0&#8243;]\n<p>Voimassa olevan asemakaavan on rakennusten suurin sallittu rakennusalue 600 m2. Jokaiseen kiinteist\u00f6\u00f6n voidaan p\u00e4\u00e4rakennuksen lis\u00e4ksi rakentaa kaksi lis\u00e4rakennusta sek\u00e4 kymmenen, enint\u00e4\u00e4n 20 m2 m\u00f6kki\u00e4.<\/p>\n<p>Yhdest\u00e4toista tontista seitsem\u00e4\u00e4n haetaan omistajia, jotka ovat suunnitelleet t\u00e4ll\u00e4 alueella maaseutuymp\u00e4rist\u00f6\u00f6n sijoittuvan yritystoiminnan harjoittamista.<\/p>\n<p>Koko alueen k\u00e4ytt\u00f6tarkoitukseksi on m\u00e4\u00e4ritelty 80 % asumistarkoitus ja 20 % osalta liiketoiminnan harjoittaminen, joten t\u00e4\u00e4ll\u00e4 on erinomaiset edellytykset luonnonkauniissa ymp\u00e4rist\u00f6ss\u00e4 viihtyis\u00e4n kodin rakentamiseen ja kodin l\u00e4helle sijoittuvan yritystoiminnan kehitt\u00e4miseen.<\/p>\n<p><strong>Tonttien l\u00e4ht\u00f6hinta on 15 EUR \/m\u00b2.<\/strong><\/p>\n[\/et_pb_text][et_pb_image src=&#8221;https:\/\/ammepark.eu\/wp-content\/uploads\/2021\/01\/Amme-joonis2_musta-punktiiriga-page-001-1-1.jpg&#8221; title_text=&#8221;Amme joonis2_musta punktiiriga-page-001 (1) (1)&#8221; _builder_version=&#8221;4.7.6&#8243; _module_preset=&#8221;default&#8221;][\/et_pb_image][et_pb_image src=&#8221;https:\/\/ammepark.eu\/wp-content\/uploads\/2021\/02\/Pealtvaade-2_10.02.21.jpg&#8221; title_text=&#8221;Pealtvaade-2_10.02.21&#8243; force_fullwidth=&#8221;on&#8221; _builder_version=&#8221;4.7.6&#8243; _module_preset=&#8221;default&#8221;][\/et_pb_image][\/et_pb_column][\/et_pb_row][et_pb_row column_structure=&#8221;1_3,1_3,1_3&#8243; disabled_on=&#8221;on|on|on&#8221; _builder_version=&#8221;4.7.6&#8243; _module_preset=&#8221;default&#8221; disabled=&#8221;on&#8221;][et_pb_column type=&#8221;1_3&#8243; _builder_version=&#8221;4.7.6&#8243; _module_preset=&#8221;default&#8221; border_width_all=&#8221;1px&#8221;][et_pb_text _builder_version=&#8221;4.7.6&#8243; _module_preset=&#8221;default&#8221; text_font=&#8221;Oswald|600||on|||||&#8221; text_font_size=&#8221;18px&#8221; text_letter_spacing=&#8221;3px&#8221; text_line_height=&#8221;1.9em&#8221; text_orientation=&#8221;center&#8221;]Korter 1<br \/>\n[\/et_pb_text][et_pb_text _builder_version=&#8221;4.7.6&#8243; _module_preset=&#8221;default&#8221; text_letter_spacing=&#8221;1px&#8221; text_orientation=&#8221;center&#8221;]Suurus: 128,6m\u00b2<br \/>\nTerrass: 18,2m\u00b2<br \/>\nR\u00f5du: 7,1m\u00b2<br \/>\nHind: 217000.-<\/p>\n<p><span style=\"color: #ff0000;\">Staatus: M\u00dc\u00dcDUD<\/span><br \/>\n[\/et_pb_text][et_pb_text _builder_version=&#8221;4.7.6&#8243; _module_preset=&#8221;default&#8221; text_font=&#8221;Oswald||||||||&#8221; text_font_size=&#8221;16px&#8221; text_letter_spacing=&#8221;1px&#8221; text_orientation=&#8221;center&#8221;]Korruseplaanid<br \/>\n[\/et_pb_text][et_pb_image src=&#8221;https:\/\/ammepark.eu\/wp-content\/uploads\/2020\/12\/mai-27c-1.jpg&#8221; title_text=&#8221;mai-27c-1&#8243; _builder_version=&#8221;4.7.6&#8243; _module_preset=&#8221;default&#8221;][\/et_pb_image][et_pb_blurb title=&#8221;Korruseplaanid (PDF)&#8221; url=&#8221;https:\/\/rannarida.ee\/wp-content\/uploads\/2019\/09\/Mai-27C.pdf&#8221; use_icon=&#8221;on&#8221; font_icon=&#8221;%%208%%&#8221; icon_color=&#8221;#ffb31a&#8221; icon_placement=&#8221;left&#8221; use_icon_font_size=&#8221;on&#8221; icon_font_size=&#8221;20px&#8221; _builder_version=&#8221;4.7.6&#8243; _module_preset=&#8221;default&#8221; header_font=&#8221;Oswald|300|||||||&#8221; header_text_align=&#8221;center&#8221; header_letter_spacing=&#8221;2px&#8221; custom_margin=&#8221;10px|33px|10px|33px|true|true&#8221; link_option_url=&#8221;https:\/\/rannarida.ee\/wp-content\/uploads\/2019\/09\/Mai-27C.pdf&#8221;][\/et_pb_blurb][et_pb_blurb title=&#8221;m\u00f5\u00f5tkava plaanid (PDF)&#8221; use_icon=&#8221;on&#8221; font_icon=&#8221;%%208%%&#8221; icon_color=&#8221;#ffb31a&#8221; icon_placement=&#8221;left&#8221; use_icon_font_size=&#8221;on&#8221; icon_font_size=&#8221;20px&#8221; _builder_version=&#8221;4.7.6&#8243; _module_preset=&#8221;default&#8221; header_font=&#8221;Oswald|300|||||||&#8221; header_text_align=&#8221;center&#8221; header_letter_spacing=&#8221;2px&#8221; custom_margin=&#8221;10px|33px|10px|33px|true|true&#8221;][\/et_pb_blurb][et_pb_blurb title=&#8221;Kasutuskorra plaan (PDF)&#8221; use_icon=&#8221;on&#8221; font_icon=&#8221;%%208%%&#8221; icon_color=&#8221;#ffb31a&#8221; icon_placement=&#8221;left&#8221; use_icon_font_size=&#8221;on&#8221; icon_font_size=&#8221;20px&#8221; _builder_version=&#8221;4.7.6&#8243; _module_preset=&#8221;default&#8221; header_font=&#8221;Oswald|300|||||||&#8221; header_text_align=&#8221;center&#8221; header_letter_spacing=&#8221;2px&#8221; custom_margin=&#8221;10px|33px|10px|33px|true|true&#8221;][\/et_pb_blurb][\/et_pb_column][et_pb_column type=&#8221;1_3&#8243; _builder_version=&#8221;4.7.6&#8243; _module_preset=&#8221;default&#8221; border_width_all=&#8221;1px&#8221;][et_pb_text _builder_version=&#8221;4.7.6&#8243; _module_preset=&#8221;default&#8221; text_font=&#8221;Oswald|600||on|||||&#8221; text_font_size=&#8221;18px&#8221; text_letter_spacing=&#8221;3px&#8221; text_line_height=&#8221;1.9em&#8221; text_orientation=&#8221;center&#8221;]Korter 1<br \/>\n[\/et_pb_text][et_pb_text _builder_version=&#8221;4.7.6&#8243; _module_preset=&#8221;default&#8221; text_letter_spacing=&#8221;1px&#8221; text_orientation=&#8221;center&#8221;]Suurus: 128,6m\u00b2<br \/>\nTerrass: 18,2m\u00b2<br \/>\nR\u00f5du: 7,1m\u00b2<br \/>\nHind: 217000.-<\/p>\n<p><span style=\"color: #ff0000;\">Staatus: M\u00dc\u00dcDUD<\/span><br \/>\n[\/et_pb_text][et_pb_text _builder_version=&#8221;4.7.6&#8243; _module_preset=&#8221;default&#8221; text_font=&#8221;Oswald||||||||&#8221; text_font_size=&#8221;16px&#8221; text_letter_spacing=&#8221;1px&#8221; text_orientation=&#8221;center&#8221;]Korruseplaanid<br \/>\n[\/et_pb_text][et_pb_image src=&#8221;https:\/\/ammepark.eu\/wp-content\/uploads\/2020\/12\/mai-27c-1.jpg&#8221; title_text=&#8221;mai-27c-1&#8243; _builder_version=&#8221;4.7.6&#8243; _module_preset=&#8221;default&#8221;][\/et_pb_image][et_pb_blurb title=&#8221;Korruseplaanid (PDF)&#8221; url=&#8221;https:\/\/rannarida.ee\/wp-content\/uploads\/2019\/09\/Mai-27C.pdf&#8221; use_icon=&#8221;on&#8221; font_icon=&#8221;%%208%%&#8221; icon_color=&#8221;#ffb31a&#8221; icon_placement=&#8221;left&#8221; use_icon_font_size=&#8221;on&#8221; icon_font_size=&#8221;20px&#8221; _builder_version=&#8221;4.7.6&#8243; _module_preset=&#8221;default&#8221; header_font=&#8221;Oswald|300|||||||&#8221; header_text_align=&#8221;center&#8221; header_letter_spacing=&#8221;2px&#8221; custom_margin=&#8221;10px|33px|10px|33px|true|true&#8221; link_option_url=&#8221;https:\/\/rannarida.ee\/wp-content\/uploads\/2019\/09\/Mai-27C.pdf&#8221;][\/et_pb_blurb][et_pb_blurb title=&#8221;m\u00f5\u00f5tkava plaanid (PDF)&#8221; use_icon=&#8221;on&#8221; font_icon=&#8221;%%208%%&#8221; icon_color=&#8221;#ffb31a&#8221; icon_placement=&#8221;left&#8221; use_icon_font_size=&#8221;on&#8221; icon_font_size=&#8221;20px&#8221; _builder_version=&#8221;4.7.6&#8243; _module_preset=&#8221;default&#8221; header_font=&#8221;Oswald|300|||||||&#8221; header_text_align=&#8221;center&#8221; header_letter_spacing=&#8221;2px&#8221; custom_margin=&#8221;10px|33px|10px|33px|true|true&#8221;][\/et_pb_blurb][et_pb_blurb title=&#8221;Kasutuskorra plaan (PDF)&#8221; use_icon=&#8221;on&#8221; font_icon=&#8221;%%208%%&#8221; icon_color=&#8221;#ffb31a&#8221; icon_placement=&#8221;left&#8221; use_icon_font_size=&#8221;on&#8221; icon_font_size=&#8221;20px&#8221; _builder_version=&#8221;4.7.6&#8243; _module_preset=&#8221;default&#8221; header_font=&#8221;Oswald|300|||||||&#8221; header_text_align=&#8221;center&#8221; header_letter_spacing=&#8221;2px&#8221; custom_margin=&#8221;10px|33px|10px|33px|true|true&#8221;][\/et_pb_blurb][\/et_pb_column][et_pb_column type=&#8221;1_3&#8243; _builder_version=&#8221;4.7.6&#8243; _module_preset=&#8221;default&#8221; border_width_all=&#8221;1px&#8221;][et_pb_text _builder_version=&#8221;4.7.6&#8243; _module_preset=&#8221;default&#8221; text_font=&#8221;Oswald|600||on|||||&#8221; text_font_size=&#8221;18px&#8221; text_letter_spacing=&#8221;3px&#8221; text_line_height=&#8221;1.9em&#8221; text_orientation=&#8221;center&#8221;]Korter 1<br \/>\n[\/et_pb_text][et_pb_text _builder_version=&#8221;4.7.6&#8243; _module_preset=&#8221;default&#8221; text_letter_spacing=&#8221;1px&#8221; text_orientation=&#8221;center&#8221;]Suurus: 128,6m\u00b2<br \/>\nTerrass: 18,2m\u00b2<br \/>\nR\u00f5du: 7,1m\u00b2<br \/>\nHind: 217000.-<\/p>\n<p><span style=\"color: #ff0000;\">Staatus: M\u00dc\u00dcDUD<\/span><br \/>\n[\/et_pb_text][et_pb_text _builder_version=&#8221;4.7.6&#8243; _module_preset=&#8221;default&#8221; text_font=&#8221;Oswald||||||||&#8221; text_font_size=&#8221;16px&#8221; text_letter_spacing=&#8221;1px&#8221; text_orientation=&#8221;center&#8221;]Korruseplaanid<br \/>\n[\/et_pb_text][et_pb_image src=&#8221;https:\/\/ammepark.eu\/wp-content\/uploads\/2020\/12\/mai-27c-1.jpg&#8221; title_text=&#8221;mai-27c-1&#8243; _builder_version=&#8221;4.7.6&#8243; _module_preset=&#8221;default&#8221;][\/et_pb_image][et_pb_blurb title=&#8221;Korruseplaanid (PDF)&#8221; url=&#8221;https:\/\/rannarida.ee\/wp-content\/uploads\/2019\/09\/Mai-27C.pdf&#8221; use_icon=&#8221;on&#8221; font_icon=&#8221;%%208%%&#8221; icon_color=&#8221;#ffb31a&#8221; icon_placement=&#8221;left&#8221; use_icon_font_size=&#8221;on&#8221; icon_font_size=&#8221;20px&#8221; _builder_version=&#8221;4.7.6&#8243; _module_preset=&#8221;default&#8221; header_font=&#8221;Oswald|300|||||||&#8221; header_text_align=&#8221;center&#8221; header_letter_spacing=&#8221;2px&#8221; custom_margin=&#8221;10px|33px|10px|33px|true|true&#8221; link_option_url=&#8221;https:\/\/rannarida.ee\/wp-content\/uploads\/2019\/09\/Mai-27C.pdf&#8221;][\/et_pb_blurb][et_pb_blurb title=&#8221;m\u00f5\u00f5tkava plaanid (PDF)&#8221; use_icon=&#8221;on&#8221; font_icon=&#8221;%%208%%&#8221; icon_color=&#8221;#ffb31a&#8221; icon_placement=&#8221;left&#8221; use_icon_font_size=&#8221;on&#8221; icon_font_size=&#8221;20px&#8221; _builder_version=&#8221;4.7.6&#8243; _module_preset=&#8221;default&#8221; header_font=&#8221;Oswald|300|||||||&#8221; header_text_align=&#8221;center&#8221; header_letter_spacing=&#8221;2px&#8221; custom_margin=&#8221;10px|33px|10px|33px|true|true&#8221;][\/et_pb_blurb][et_pb_blurb title=&#8221;Kasutuskorra plaan (PDF)&#8221; use_icon=&#8221;on&#8221; font_icon=&#8221;%%208%%&#8221; icon_color=&#8221;#ffb31a&#8221; icon_placement=&#8221;left&#8221; use_icon_font_size=&#8221;on&#8221; icon_font_size=&#8221;20px&#8221; _builder_version=&#8221;4.7.6&#8243; _module_preset=&#8221;default&#8221; header_font=&#8221;Oswald|300|||||||&#8221; header_text_align=&#8221;center&#8221; header_letter_spacing=&#8221;2px&#8221; custom_margin=&#8221;10px|33px|10px|33px|true|true&#8221;][\/et_pb_blurb][\/et_pb_column][\/et_pb_row][\/et_pb_section][et_pb_section fb_built=&#8221;1&#8243; disabled_on=&#8221;on|on|on&#8221; _builder_version=&#8221;4.7.6&#8243; _module_preset=&#8221;default&#8221; custom_padding=&#8221;2px|||||&#8221; da_disable_devices=&#8221;off|off|off&#8221; disabled=&#8221;on&#8221; da_is_popup=&#8221;off&#8221; da_exit_intent=&#8221;off&#8221; da_has_close=&#8221;on&#8221; da_alt_close=&#8221;off&#8221; da_dark_close=&#8221;off&#8221; da_not_modal=&#8221;on&#8221; da_is_singular=&#8221;off&#8221; da_with_loader=&#8221;off&#8221; da_has_shadow=&#8221;on&#8221;][et_pb_row column_structure=&#8221;1_3,1_3,1_3&#8243; _builder_version=&#8221;4.7.6&#8243; _module_preset=&#8221;default&#8221;][et_pb_column type=&#8221;1_3&#8243; _builder_version=&#8221;4.7.6&#8243; _module_preset=&#8221;default&#8221; border_width_all=&#8221;1px&#8221;][et_pb_text _builder_version=&#8221;4.7.6&#8243; _module_preset=&#8221;default&#8221; text_font=&#8221;Oswald|600||on|||||&#8221; text_font_size=&#8221;18px&#8221; text_letter_spacing=&#8221;3px&#8221; text_line_height=&#8221;1.9em&#8221; text_orientation=&#8221;center&#8221;]Korter 1<br \/>\n[\/et_pb_text][et_pb_text _builder_version=&#8221;4.7.6&#8243; _module_preset=&#8221;default&#8221; text_letter_spacing=&#8221;1px&#8221; text_orientation=&#8221;center&#8221;]Suurus: 128,6m\u00b2<br \/>\nTerrass: 18,2m\u00b2<br \/>\nR\u00f5du: 7,1m\u00b2<br \/>\nHind: 217000.-<\/p>\n<p><span style=\"color: #ff0000;\">Staatus: M\u00dc\u00dcDUD<\/span><br \/>\n[\/et_pb_text][et_pb_text _builder_version=&#8221;4.7.6&#8243; _module_preset=&#8221;default&#8221; text_font=&#8221;Oswald||||||||&#8221; text_font_size=&#8221;16px&#8221; text_letter_spacing=&#8221;1px&#8221; text_orientation=&#8221;center&#8221;]Korruseplaanid<br \/>\n[\/et_pb_text][et_pb_image src=&#8221;https:\/\/ammepark.eu\/wp-content\/uploads\/2020\/12\/mai-27c-1.jpg&#8221; title_text=&#8221;mai-27c-1&#8243; _builder_version=&#8221;4.7.6&#8243; _module_preset=&#8221;default&#8221;][\/et_pb_image][et_pb_blurb title=&#8221;Korruseplaanid (PDF)&#8221; use_icon=&#8221;on&#8221; font_icon=&#8221;%%208%%&#8221; icon_color=&#8221;#ffb31a&#8221; icon_placement=&#8221;left&#8221; use_icon_font_size=&#8221;on&#8221; icon_font_size=&#8221;20px&#8221; _builder_version=&#8221;4.7.6&#8243; _module_preset=&#8221;default&#8221; header_font=&#8221;Oswald|300|||||||&#8221; header_text_align=&#8221;center&#8221; header_letter_spacing=&#8221;2px&#8221; custom_margin=&#8221;10px|33px|10px|33px|true|true&#8221;][\/et_pb_blurb][et_pb_blurb title=&#8221;m\u00f5\u00f5tkava plaanid (PDF)&#8221; use_icon=&#8221;on&#8221; font_icon=&#8221;%%208%%&#8221; icon_color=&#8221;#ffb31a&#8221; icon_placement=&#8221;left&#8221; use_icon_font_size=&#8221;on&#8221; icon_font_size=&#8221;20px&#8221; _builder_version=&#8221;4.7.6&#8243; _module_preset=&#8221;default&#8221; header_font=&#8221;Oswald|300|||||||&#8221; header_text_align=&#8221;center&#8221; header_letter_spacing=&#8221;2px&#8221; custom_margin=&#8221;10px|33px|10px|33px|true|true&#8221;][\/et_pb_blurb][et_pb_blurb title=&#8221;Kasutuskorra plaan (PDF)&#8221; use_icon=&#8221;on&#8221; font_icon=&#8221;%%208%%&#8221; icon_color=&#8221;#ffb31a&#8221; icon_placement=&#8221;left&#8221; use_icon_font_size=&#8221;on&#8221; icon_font_size=&#8221;20px&#8221; _builder_version=&#8221;4.7.6&#8243; _module_preset=&#8221;default&#8221; header_font=&#8221;Oswald|300|||||||&#8221; header_text_align=&#8221;center&#8221; header_letter_spacing=&#8221;2px&#8221; custom_margin=&#8221;10px|33px|10px|33px|true|true&#8221;][\/et_pb_blurb][\/et_pb_column][et_pb_column type=&#8221;1_3&#8243; _builder_version=&#8221;4.7.6&#8243; _module_preset=&#8221;default&#8221; border_width_all=&#8221;1px&#8221;][et_pb_text _builder_version=&#8221;4.7.6&#8243; _module_preset=&#8221;default&#8221; text_font=&#8221;Oswald|600||on|||||&#8221; text_font_size=&#8221;18px&#8221; text_letter_spacing=&#8221;3px&#8221; text_line_height=&#8221;1.9em&#8221; text_orientation=&#8221;center&#8221;]Korter 1<br \/>\n[\/et_pb_text][et_pb_text _builder_version=&#8221;4.7.6&#8243; _module_preset=&#8221;default&#8221; text_letter_spacing=&#8221;1px&#8221; text_orientation=&#8221;center&#8221;]Suurus: 128,6m\u00b2<br \/>\nTerrass: 18,2m\u00b2<br \/>\nR\u00f5du: 7,1m\u00b2<br \/>\nHind: 217000.-<\/p>\n<p><span style=\"color: #ff0000;\">Staatus: M\u00dc\u00dcDUD<\/span><br \/>\n[\/et_pb_text][et_pb_text _builder_version=&#8221;4.7.6&#8243; _module_preset=&#8221;default&#8221; text_font=&#8221;Oswald||||||||&#8221; text_font_size=&#8221;16px&#8221; text_letter_spacing=&#8221;1px&#8221; text_orientation=&#8221;center&#8221;]Korruseplaanid<br \/>\n[\/et_pb_text][et_pb_image src=&#8221;https:\/\/ammepark.eu\/wp-content\/uploads\/2020\/12\/mai-27c-1.jpg&#8221; title_text=&#8221;mai-27c-1&#8243; _builder_version=&#8221;4.7.6&#8243; _module_preset=&#8221;default&#8221;][\/et_pb_image][et_pb_blurb title=&#8221;Korruseplaanid (PDF)&#8221; use_icon=&#8221;on&#8221; font_icon=&#8221;%%208%%&#8221; icon_color=&#8221;#ffb31a&#8221; icon_placement=&#8221;left&#8221; use_icon_font_size=&#8221;on&#8221; icon_font_size=&#8221;20px&#8221; _builder_version=&#8221;4.7.6&#8243; _module_preset=&#8221;default&#8221; header_font=&#8221;Oswald|300|||||||&#8221; header_text_align=&#8221;center&#8221; header_letter_spacing=&#8221;2px&#8221; custom_margin=&#8221;10px|33px|10px|33px|true|true&#8221;][\/et_pb_blurb][et_pb_blurb title=&#8221;m\u00f5\u00f5tkava plaanid (PDF)&#8221; use_icon=&#8221;on&#8221; font_icon=&#8221;%%208%%&#8221; icon_color=&#8221;#ffb31a&#8221; icon_placement=&#8221;left&#8221; use_icon_font_size=&#8221;on&#8221; icon_font_size=&#8221;20px&#8221; _builder_version=&#8221;4.7.6&#8243; _module_preset=&#8221;default&#8221; header_font=&#8221;Oswald|300|||||||&#8221; header_text_align=&#8221;center&#8221; header_letter_spacing=&#8221;2px&#8221; custom_margin=&#8221;10px|33px|10px|33px|true|true&#8221;][\/et_pb_blurb][et_pb_blurb title=&#8221;Kasutuskorra plaan (PDF)&#8221; use_icon=&#8221;on&#8221; font_icon=&#8221;%%208%%&#8221; icon_color=&#8221;#ffb31a&#8221; icon_placement=&#8221;left&#8221; use_icon_font_size=&#8221;on&#8221; icon_font_size=&#8221;20px&#8221; _builder_version=&#8221;4.7.6&#8243; _module_preset=&#8221;default&#8221; header_font=&#8221;Oswald|300|||||||&#8221; header_text_align=&#8221;center&#8221; header_letter_spacing=&#8221;2px&#8221; custom_margin=&#8221;10px|33px|10px|33px|true|true&#8221;][\/et_pb_blurb][\/et_pb_column][et_pb_column type=&#8221;1_3&#8243; _builder_version=&#8221;4.7.6&#8243; _module_preset=&#8221;default&#8221; border_width_all=&#8221;1px&#8221;][et_pb_text _builder_version=&#8221;4.7.6&#8243; _module_preset=&#8221;default&#8221; text_font=&#8221;Oswald|600||on|||||&#8221; text_font_size=&#8221;18px&#8221; text_letter_spacing=&#8221;3px&#8221; text_line_height=&#8221;1.9em&#8221; text_orientation=&#8221;center&#8221;]Korter 1<br \/>\n[\/et_pb_text][et_pb_text _builder_version=&#8221;4.7.6&#8243; _module_preset=&#8221;default&#8221; text_letter_spacing=&#8221;1px&#8221; text_orientation=&#8221;center&#8221;]Suurus: 128,6m\u00b2<br \/>\nTerrass: 18,2m\u00b2<br \/>\nR\u00f5du: 7,1m\u00b2<br \/>\nHind: 217000.-<\/p>\n<p><span style=\"color: #ff0000;\">Staatus: M\u00dc\u00dcDUD<\/span><br \/>\n[\/et_pb_text][et_pb_text _builder_version=&#8221;4.7.6&#8243; _module_preset=&#8221;default&#8221; text_font=&#8221;Oswald||||||||&#8221; text_font_size=&#8221;16px&#8221; text_letter_spacing=&#8221;1px&#8221; text_orientation=&#8221;center&#8221;]Korruseplaanid<br \/>\n[\/et_pb_text][et_pb_image src=&#8221;https:\/\/ammepark.eu\/wp-content\/uploads\/2020\/12\/mai-27c-1.jpg&#8221; title_text=&#8221;mai-27c-1&#8243; _builder_version=&#8221;4.7.6&#8243; _module_preset=&#8221;default&#8221;][\/et_pb_image][et_pb_blurb title=&#8221;Korruseplaanid (PDF)&#8221; use_icon=&#8221;on&#8221; font_icon=&#8221;%%208%%&#8221; icon_color=&#8221;#ffb31a&#8221; icon_placement=&#8221;left&#8221; use_icon_font_size=&#8221;on&#8221; icon_font_size=&#8221;20px&#8221; _builder_version=&#8221;4.7.6&#8243; _module_preset=&#8221;default&#8221; header_font=&#8221;Oswald|300|||||||&#8221; header_text_align=&#8221;center&#8221; header_letter_spacing=&#8221;2px&#8221; custom_margin=&#8221;10px|33px|10px|33px|true|true&#8221;][\/et_pb_blurb][et_pb_blurb title=&#8221;m\u00f5\u00f5tkava plaanid (PDF)&#8221; use_icon=&#8221;on&#8221; font_icon=&#8221;%%208%%&#8221; icon_color=&#8221;#ffb31a&#8221; icon_placement=&#8221;left&#8221; use_icon_font_size=&#8221;on&#8221; icon_font_size=&#8221;20px&#8221; _builder_version=&#8221;4.7.6&#8243; _module_preset=&#8221;default&#8221; header_font=&#8221;Oswald|300|||||||&#8221; header_text_align=&#8221;center&#8221; header_letter_spacing=&#8221;2px&#8221; custom_margin=&#8221;10px|33px|10px|33px|true|true&#8221;][\/et_pb_blurb][et_pb_blurb title=&#8221;Kasutuskorra plaan (PDF)&#8221; use_icon=&#8221;on&#8221; font_icon=&#8221;%%208%%&#8221; icon_color=&#8221;#ffb31a&#8221; icon_placement=&#8221;left&#8221; use_icon_font_size=&#8221;on&#8221; icon_font_size=&#8221;20px&#8221; _builder_version=&#8221;4.7.6&#8243; _module_preset=&#8221;default&#8221; header_font=&#8221;Oswald|300|||||||&#8221; header_text_align=&#8221;center&#8221; header_letter_spacing=&#8221;2px&#8221; custom_margin=&#8221;10px|33px|10px|33px|true|true&#8221;][\/et_pb_blurb][\/et_pb_column][\/et_pb_row][\/et_pb_section]\n","protected":false},"excerpt":{"rendered":"<p>TONTTIEN MYYNTI ON ALKANUTTONTITVoimassa olevan asemakaavan on rakennusten suurin sallittu rakennusalue 600 m2. Jokaiseen kiinteist\u00f6\u00f6n voidaan p\u00e4\u00e4rakennuksen lis\u00e4ksi rakentaa kaksi lis\u00e4rakennusta sek\u00e4 kymmenen, enint\u00e4\u00e4n 20 m2 m\u00f6kki\u00e4. Yhdest\u00e4toista tontista seitsem\u00e4\u00e4n haetaan omistajia, jotka ovat suunnitelleet t\u00e4ll\u00e4 alueella maaseutuymp\u00e4rist\u00f6\u00f6n sijoittuvan yritystoiminnan harjoittamista. Koko alueen k\u00e4ytt\u00f6tarkoitukseksi on m\u00e4\u00e4ritelty 80 % asumistarkoitus ja 20 % osalta liiketoiminnan harjoittaminen, [&hellip;]<\/p>\n","protected":false},"author":1,"featured_media":0,"parent":0,"menu_order":3,"comment_status":"open","ping_status":"closed","template":"","meta":{"_et_pb_use_builder":"on","_et_pb_old_content":"","_et_gb_content_width":"","footnotes":""},"class_list":["post-25590","page","type-page","status-publish","hentry"],"_links":{"self":[{"href":"https:\/\/ammepark.eu\/fi\/wp-json\/wp\/v2\/pages\/25590","targetHints":{"allow":["GET"]}}],"collection":[{"href":"https:\/\/ammepark.eu\/fi\/wp-json\/wp\/v2\/pages"}],"about":[{"href":"https:\/\/ammepark.eu\/fi\/wp-json\/wp\/v2\/types\/page"}],"author":[{"embeddable":true,"href":"https:\/\/ammepark.eu\/fi\/wp-json\/wp\/v2\/users\/1"}],"replies":[{"embeddable":true,"href":"https:\/\/ammepark.eu\/fi\/wp-json\/wp\/v2\/comments?post=25590"}],"version-history":[{"count":4,"href":"https:\/\/ammepark.eu\/fi\/wp-json\/wp\/v2\/pages\/25590\/revisions"}],"predecessor-version":[{"id":25595,"href":"https:\/\/ammepark.eu\/fi\/wp-json\/wp\/v2\/pages\/25590\/revisions\/25595"}],"wp:attachment":[{"href":"https:\/\/ammepark.eu\/fi\/wp-json\/wp\/v2\/media?parent=25590"}],"curies":[{"name":"wp","href":"https:\/\/api.w.org\/{rel}","templated":true}]}}