{"id":25576,"date":"2021-03-22T16:14:22","date_gmt":"2021-03-22T16:14:22","guid":{"rendered":"https:\/\/ammepark.eu\/?page_id=25576"},"modified":"2021-03-22T16:31:42","modified_gmt":"2021-03-22T16:31:42","slug":"etusivu","status":"publish","type":"page","link":"https:\/\/ammepark.eu\/fi\/","title":{"rendered":"Etusivu"},"content":{"rendered":"[et_pb_section fb_built=&#8221;1&#8243; custom_padding_last_edited=&#8221;on|phone&#8221; _builder_version=&#8221;4.9.1&#8243; use_background_color_gradient=&#8221;on&#8221; background_color_gradient_start=&#8221;rgba(0,0,0,0.46)&#8221; background_color_gradient_end=&#8221;rgba(0,0,0,0.4)&#8221; background_color_gradient_overlays_image=&#8221;on&#8221; background_image=&#8221;https:\/\/ammepark.eu\/wp-content\/uploads\/2021\/01\/Ropka-moise-harrastemaja.jpg&#8221; custom_margin=&#8221;||50px|||&#8221; custom_padding=&#8221;300px||300px||true|false&#8221; custom_padding_tablet=&#8221;120px||||false|false&#8221; custom_padding_phone=&#8221;120px||||false|false&#8221; da_disable_devices=&#8221;off|off|off&#8221; da_is_popup=&#8221;off&#8221; da_exit_intent=&#8221;off&#8221; da_has_close=&#8221;on&#8221; da_alt_close=&#8221;off&#8221; da_dark_close=&#8221;off&#8221; da_not_modal=&#8221;on&#8221; da_is_singular=&#8221;off&#8221; da_with_loader=&#8221;off&#8221; da_has_shadow=&#8221;on&#8221;][et_pb_row use_custom_gutter=&#8221;on&#8221; gutter_width=&#8221;2&#8243; make_equal=&#8221;on&#8221; _builder_version=&#8221;4.4.7&#8243; width=&#8221;90%&#8221; width_tablet=&#8221;90%&#8221; width_phone=&#8221;90%&#8221; width_last_edited=&#8221;on|tablet&#8221; max_width=&#8221;1120px&#8221; max_width_tablet=&#8221;90%&#8221; max_width_phone=&#8221;90%&#8221; max_width_last_edited=&#8221;on|desktop&#8221; custom_padding=&#8221;0px||0px||true|&#8221; animation_style=&#8221;slide&#8221; animation_direction=&#8221;top&#8221; animation_duration=&#8221;1500ms&#8221;][et_pb_column type=&#8221;4_4&#8243; _builder_version=&#8221;4.4.7&#8243;][et_pb_text _builder_version=&#8221;4.9.1&#8243; header_font=&#8221;Oswald|||on|||||&#8221; header_text_align=&#8221;left&#8221; header_text_color=&#8221;#ffffff&#8221; header_font_size=&#8221;80px&#8221; header_letter_spacing=&#8221;3px&#8221; header_line_height=&#8221;1.1em&#8221; header_font_size_tablet=&#8221;60px&#8221; header_font_size_phone=&#8221;50px&#8221; header_font_size_last_edited=&#8221;on|phone&#8221;]\n<h1>Amme Tervisepark<\/h1>\n[\/et_pb_text][et_pb_text _builder_version=&#8221;4.9.1&#8243; text_font=&#8221;Poppins|300|||||||&#8221; text_text_color=&#8221;#ffffff&#8221; text_font_size=&#8221;22px&#8221; text_line_height=&#8221;1.4em&#8221; max_width=&#8221;539px&#8221; module_alignment=&#8221;left&#8221; custom_margin_tablet=&#8221;-10px||||false|false&#8221; custom_margin_phone=&#8221;-10px||||false|false&#8221; custom_margin_last_edited=&#8221;on|phone&#8221;]\n<p>Tartossa, Ropkan kartanon alueella toimiva AS Dentes laajentaa toimintaansa Amme-jokeen rajoittuvalla luonnonkauniilla alueella, jonne 27 hehtaarin kokoiselle alueelle rakennetaan kokonaisvaltainen elin- ja lomailukeskus &#8211; Amme Tervisepark eli Ammen terveyspuisto<\/p>\n[\/et_pb_text][\/et_pb_column][\/et_pb_row][\/et_pb_section][et_pb_section fb_built=&#8221;1&#8243; _builder_version=&#8221;4.7.6&#8243; custom_padding=&#8221;1px||100px||false|false&#8221; da_disable_devices=&#8221;off|off|off&#8221; da_is_popup=&#8221;off&#8221; da_exit_intent=&#8221;off&#8221; da_has_close=&#8221;on&#8221; da_alt_close=&#8221;off&#8221; da_dark_close=&#8221;off&#8221; da_not_modal=&#8221;on&#8221; da_is_singular=&#8221;off&#8221; da_with_loader=&#8221;off&#8221; da_has_shadow=&#8221;on&#8221;][et_pb_row column_structure=&#8221;2_5,3_5&#8243; use_custom_gutter=&#8221;on&#8221; gutter_width=&#8221;1&#8243; make_equal=&#8221;on&#8221; module_id=&#8221;sijanti&#8221; _builder_version=&#8221;4.9.1&#8243; background_color_gradient_direction=&#8221;90deg&#8221; background_size=&#8221;contain&#8221; width=&#8221;90%&#8221; width_tablet=&#8221;90%&#8221; width_phone=&#8221;90%&#8221; width_last_edited=&#8221;on|tablet&#8221; max_width=&#8221;1700px&#8221; max_width_tablet=&#8221;90%&#8221; max_width_phone=&#8221;90%&#8221; max_width_last_edited=&#8221;on|desktop&#8221; min_height=&#8221;600px&#8221; custom_margin=&#8221;60px|auto||auto|false|false&#8221; custom_padding=&#8221;0px||0px||false|false&#8221;][et_pb_column type=&#8221;2_5&#8243; _builder_version=&#8221;4.4.7&#8243;][et_pb_cta title=&#8221;SIJANTI&#8221; button_text=&#8221;katso lis\u00e4\u00e4&#8221; _builder_version=&#8221;4.9.1&#8243; header_font=&#8221;Oswald|700||on|||||&#8221; header_text_align=&#8221;left&#8221; header_text_color=&#8221;#ffffff&#8221; header_font_size=&#8221;28px&#8221; header_letter_spacing=&#8221;2px&#8221; header_line_height=&#8221;1.9em&#8221; body_font=&#8221;Poppins|300|||||||&#8221; body_text_align=&#8221;left&#8221; body_text_color=&#8221;#ffffff&#8221; body_font_size=&#8221;17px&#8221; body_line_height=&#8221;1.8em&#8221; background_color=&#8221;#aac069&#8243; custom_button=&#8221;on&#8221; button_text_size=&#8221;15px&#8221; button_text_color=&#8221;#ffffff&#8221; button_bg_color=&#8221;rgba(0,0,0,0)&#8221; button_border_width=&#8221;0px&#8221; button_border_color=&#8221;rgba(0,0,0,0)&#8221; button_border_radius=&#8221;0px&#8221; button_letter_spacing=&#8221;1px&#8221; button_font=&#8221;Oswald|||on|||||&#8221; button_icon=&#8221;%%3%%&#8221; button_on_hover=&#8221;off&#8221; button_alignment=&#8221;left&#8221; button_custom_margin=&#8221;10px||||false|false&#8221; button_custom_padding=&#8221;0px|0px|0px|0px|true|true&#8221; min_height=&#8221;500px&#8221; custom_margin_tablet=&#8221;|100px|||true|false&#8221; custom_margin_phone=&#8221;90px|50px|90px||true|false&#8221; custom_margin_last_edited=&#8221;off|desktop&#8221; custom_padding=&#8221;54px|60px|54px|60px|true|true&#8221; custom_padding_tablet=&#8221;&#8221; custom_padding_phone=&#8221;25px|25px|25px|25px|true|true&#8221; custom_padding_last_edited=&#8221;on|phone&#8221; scroll_vertical_motion=&#8221;0|50|50|100|4|0|-1&#8243; scroll_vertical_motion_tablet=&#8221;0|50|50|100|0|0|0&#8243; scroll_vertical_motion_phone=&#8221;0|50|50|100|0|0|0&#8243; scroll_vertical_motion_last_edited=&#8221;on|phone&#8221; button_text_color__hover_enabled=&#8221;on|hover&#8221; button_text_color__hover=&#8221;#ffffff&#8221; button_bg_color__hover_enabled=&#8221;on|hover&#8221; button_bg_color__hover=&#8221;rgba(0,0,0,0)&#8221; button_bg_enable_color__hover=&#8221;on&#8221; button_border_color__hover_enabled=&#8221;on|hover&#8221; button_border_color__hover=&#8221;rgba(0,0,0,0)&#8221; button_letter_spacing__hover_enabled=&#8221;on|desktop&#8221; button_letter_spacing__hover=&#8221;2px&#8221;]\n<p>Amme Tervisepark perustetaan Tartosta 15 minuutin ajomatkan p\u00e4\u00e4h\u00e4n, J\u00f5hvin valtatien vieress\u00e4 sijaitsevalle 27 hehtaarin kokoiselle Amme-jokeen rajoittuvalle tontille.<\/p>\n<p>Amme Terviseparkin idea on l\u00e4htenyt Ropkam\u00f5isa H\u00e4rrastemajast eli herraintalosta, joka on toiminut Tartossa erilaisia terveydenhoitopalveluita tarjoavana keskuksena jo 25 vuoden ajan.<\/p>\n<p>Kyseinen alue on nopeasti kehittyv\u00e4, aivan Tarton kupeessa sijaitseva seutu, johon on muuttanut my\u00f6s useita yrityksi\u00e4.<\/p>\n<p>L\u00e4hialueella on monenlaisia ja vaihtelevia mahdollisuuksia vapaa-ajan viett\u00e4miseen. Aivan l\u00e4helt\u00e4 l\u00f6ytyv\u00e4t L\u00e4hten ja Vedun liikuntapolut, Saadj\u00e4rvell\u00e4, Soitsj\u00e4rvell\u00e4 ja Elistveren j\u00e4rvell\u00e4 p\u00e4\u00e4see nauttimaan kauniista maisemista ja aktiiviliikunnasta.<\/p>\n<p>L\u00e4helt\u00e4 l\u00f6ytyv\u00e4t my\u00f6s suosittu J\u00e4\u00e4aja keskus eli J\u00e4\u00e4kauden keskus sek\u00e4 Elistveren kartano, jonka laajaan kartanonpuistoon on perustettu Elistveren el\u00e4inpuisto.<\/p>\n[\/et_pb_cta][\/et_pb_column][et_pb_column type=&#8221;3_5&#8243; _builder_version=&#8221;4.7.6&#8243;][et_pb_image src=&#8221;https:\/\/ammepark.eu\/wp-content\/uploads\/2021\/01\/Amme-Tervisepark-koos-umbruskonnaga-1.jpg&#8221; title_text=&#8221;Amme Tervisepark koos \u00fcmbruskonnaga (1)&#8221; show_in_lightbox=&#8221;on&#8221; _builder_version=&#8221;4.9.1&#8243; _module_preset=&#8221;default&#8221; min_height=&#8221;679px&#8221; min_height_tablet=&#8221;&#8221; min_height_phone=&#8221;&#8221; min_height_last_edited=&#8221;on|phone&#8221;][\/et_pb_image][\/et_pb_column][\/et_pb_row][\/et_pb_section][et_pb_section fb_built=&#8221;1&#8243; _builder_version=&#8221;3.23.3&#8243; background_color=&#8221;#ffffff&#8221; custom_padding=&#8221;0px||0px||true&#8221; da_disable_devices=&#8221;off|off|off&#8221; da_is_popup=&#8221;off&#8221; da_exit_intent=&#8221;off&#8221; da_has_close=&#8221;on&#8221; da_alt_close=&#8221;off&#8221; da_dark_close=&#8221;off&#8221; da_not_modal=&#8221;on&#8221; da_is_singular=&#8221;off&#8221; da_with_loader=&#8221;off&#8221; da_has_shadow=&#8221;on&#8221;][et_pb_row column_structure=&#8221;2_5,3_5&#8243; use_custom_gutter=&#8221;on&#8221; gutter_width=&#8221;1&#8243; make_equal=&#8221;on&#8221; padding_top_bottom_link_1=&#8221;true&#8221; padding_top_bottom_link_2=&#8221;true&#8221; padding_left_right_link_1=&#8221;true&#8221; padding_left_right_link_2=&#8221;true&#8221; module_id=&#8221;esittely&#8221; module_class=&#8221; et_pb_row_fullwidth&#8221; _builder_version=&#8221;4.9.1&#8243; width=&#8221;90%&#8221; width_tablet=&#8221;100%&#8221; width_phone=&#8221;&#8221; width_last_edited=&#8221;on|desktop&#8221; max_width=&#8221;100%&#8221; max_width_tablet=&#8221;100%&#8221; max_width_phone=&#8221;&#8221; max_width_last_edited=&#8221;on|desktop&#8221; custom_padding=&#8221;0px||0px|&#8221; hover_enabled=&#8221;0&#8243; make_fullwidth=&#8221;on&#8221; sticky_enabled=&#8221;0&#8243;][et_pb_column type=&#8221;2_5&#8243; _builder_version=&#8221;4.7.6&#8243; background_enable_image=&#8221;off&#8221; custom_padding=&#8221;|||&#8221; custom_padding__hover=&#8221;|||&#8221;][et_pb_image src=&#8221;https:\/\/ammepark.eu\/wp-content\/uploads\/2021\/02\/Pealtvaade-2_10.02.21.jpg&#8221; title_text=&#8221;Pealtvaade-2_10.02.21&#8243; show_in_lightbox=&#8221;on&#8221; _builder_version=&#8221;4.7.6&#8243; _module_preset=&#8221;default&#8221; width=&#8221;100%&#8221; width_tablet=&#8221;90%&#8221; width_phone=&#8221;&#8221; width_last_edited=&#8221;on|phone&#8221; module_alignment_tablet=&#8221;center&#8221; module_alignment_phone=&#8221;&#8221; module_alignment_last_edited=&#8221;on|tablet&#8221;][\/et_pb_image][et_pb_image src=&#8221;https:\/\/ammepark.eu\/wp-content\/uploads\/2021\/02\/Pealtvaade-1_10.02.21.jpg&#8221; title_text=&#8221;Pealtvaade-1_10.02.21&#8243; show_in_lightbox=&#8221;on&#8221; _builder_version=&#8221;4.7.6&#8243; _module_preset=&#8221;default&#8221; width_tablet=&#8221;90%&#8221; width_phone=&#8221;&#8221; width_last_edited=&#8221;on|tablet&#8221; custom_margin=&#8221;10px||||false|false&#8221; module_alignment_tablet=&#8221;center&#8221; module_alignment_phone=&#8221;&#8221; module_alignment_last_edited=&#8221;on|phone&#8221;][\/et_pb_image][et_pb_text _builder_version=&#8221;4.9.1&#8243; _module_preset=&#8221;default&#8221; text_font=&#8221;Poppins|300|||||||&#8221; text_text_color=&#8221;#000000&#8243; text_font_size=&#8221;16px&#8221; text_line_height=&#8221;1.4em&#8221; width_tablet=&#8221;90%&#8221; width_phone=&#8221;&#8221; width_last_edited=&#8221;on|tablet&#8221; custom_margin=&#8221;16px||||false|false&#8221; module_alignment_tablet=&#8221;center&#8221; module_alignment_phone=&#8221;&#8221; module_alignment_last_edited=&#8221;on|phone&#8221;]\n<p>N\u00e4it\u00e4 tontteja on koko alueella myyt\u00e4v\u00e4n\u00e4 yhteens\u00e4 seitsem\u00e4n + yksi: <strong>Kuuse, Seedri, Kadaka, Tamme, Saare, Paju, Lepa + Saviveere<\/strong> (katso kuva).<\/p>\n[\/et_pb_text][\/et_pb_column][et_pb_column type=&#8221;3_5&#8243; _builder_version=&#8221;4.7.6&#8243; background_enable_color=&#8221;off&#8221; custom_padding=&#8221;7%|7%|7%|7%&#8221; custom_padding__hover=&#8221;|||&#8221;][et_pb_text _builder_version=&#8221;4.9.1&#8243; text_font=&#8221;Oswald||||||||&#8221; header_font=&#8221;Oswald|600||on|||||&#8221; header_text_color=&#8221;#000000&#8243; header_font_size=&#8221;40px&#8221; header_2_font=&#8221;||||||||&#8221; header_2_font_size=&#8221;15px&#8221; custom_margin=&#8221;-123px||||false|false&#8221; custom_margin_tablet=&#8221;0px||||false|false&#8221; custom_margin_phone=&#8221;&#8221; custom_margin_last_edited=&#8221;on|tablet&#8221; custom_padding=&#8221;||34px|&#8221; header_font_size_tablet=&#8221;&#8221; header_font_size_phone=&#8221;25px&#8221; header_font_size_last_edited=&#8221;on|phone&#8221;]\n<h1>ESITTELY<\/h1>\n[\/et_pb_text][et_pb_divider color=&#8221;#000000&#8243; divider_weight=&#8221;2px&#8221; _builder_version=&#8221;3.23.3&#8243; max_width=&#8221;108px&#8221; module_alignment=&#8221;left&#8221; custom_margin=&#8221;-15px||5px|&#8221;][\/et_pb_divider][et_pb_text _builder_version=&#8221;4.9.1&#8243; text_font=&#8221;Poppins|300|||||||&#8221; text_text_color=&#8221;#000000&#8243; text_font_size=&#8221;17px&#8221; text_line_height=&#8221;1.8em&#8221; link_font=&#8221;Poppins|300|||on||||&#8221; link_text_color=&#8221;#aac069&#8243; header_font=&#8221;Merriweather|700|||||||&#8221; header_text_color=&#8221;#443846&#8243; header_font_size=&#8221;43px&#8221; header_2_font=&#8221;||||||||&#8221; header_2_font_size=&#8221;15px&#8221; custom_margin=&#8221;|||&#8221; custom_padding=&#8221;||34px|&#8221;]\n<p>Tavoitteena on rakentaa kokonaisvaltainen elin- ja lomailukeskus, jossa on luotu viihtyis\u00e4t olosuhteet kaikille vieraille i\u00e4st\u00e4, sukupuolesta, asemasta tai syntyper\u00e4st\u00e4 riippumatta.<\/p>\n<p>Kehitt\u00e4j\u00e4n ideana on tukea osaltaan maaseuduilla yhteis\u00f6llisyyden kehittymist\u00e4. Korkean el\u00e4m\u00e4nlaadun varmistamiseen on hankkeeseen pyydetty mukaan erilaisten palveluiden tarjoajia, jotta voisi luoda t\u00e4ydelliset edellytykset asumista, lomailua, terveellisen el\u00e4m\u00e4n viett\u00e4miseen sek\u00e4 vapaa-ajan viett\u00e4miseen, liikunnan, kalastuksen, taiteiden ja k\u00e4sity\u00f6taitoja edellytt\u00e4vien toimintojen harrastamiseen.<br \/>Kaikessa kehitt\u00e4misty\u00f6ss\u00e4 l\u00e4hdet\u00e4\u00e4n vieraiden toiveista, t\u00e4rkeimpin\u00e4 arvoina ovat arvokkuus, laatu ja ammattimaisuus sek\u00e4 kattavan palveluiden valikoiman tarjoaminen. Tuntuvan lis\u00e4arvoin tarjoaa my\u00f6s luonnonkaunis ymp\u00e4rist\u00f6 tyylikk\u00e4\u00e4sti rakennettuine lepoalueineen. <\/p>\n<p>Amme Terviseparkissa asumis- ja\/tai liiketoiminnan aloittamiseen on monta erilaista vaihtoehtoa.<\/p>\n<p>Kauempana oleva alue on jaettu yhteentoista 1-4 ha kokoiseen tonttiin, jotka rajoittuvat Amme-jokeen.<\/p>\n<p>Tonteille voidaan rakentaa lammen.<\/p>\n<p>Tontit soveltuvat yht\u00e4 hyvin kodin perustamiseen tai yritystoiminnan harjoittamiseen.<\/p>\n<p><a href=\"https:\/\/ammepark.eu\/krundid\"><strong>Katso lis\u00e4tietoja<\/strong><\/a><\/p>\n<p>Ensimm\u00e4isell\u00e4 5 hehtaarin tontille rakennetaan kaksi kesken\u00e4\u00e4n galleriak\u00e4yt\u00e4v\u00e4ll\u00e4 yhdistetty\u00e4 rakennusta, joista toiseen tulevat kylpyl\u00e4- ja saunakeskus, jossa toimivat erilaisten kauneudenhoitopalveluiden tarjoajat sek\u00e4 kahvila. Toiseen rakennukseen suunnitellaan huoneistot.<\/p>\n<p><a href=\"https:\/\/ammepark.eu\/apartmendid\"><strong>Katso lis\u00e4tietoja<\/strong><\/a><\/p>\n<p>Amme Terviseparkin alueelle rakennetaan patikointi- ja lenkkeilypolut, julkinen uimaranta, kalastusmahdollisuudet, frisbeegolf, yhteinen grillaus- ja nuotioalue.<\/p>\n<p>Amme Tervisepark on t\u00e4ydellinen paikka viihtyis\u00e4st\u00e4, turvallisesta ja luonnonl\u00e4heisest\u00e4 asuinpaikasta unelmoineelle ihmiselle.<\/p>\n[\/et_pb_text][et_pb_button button_url=&#8221;#droonivideo&#8221; button_text=&#8221;KATSO LENNOKKIVIDEO&#8221; button_alignment=&#8221;left&#8221; _builder_version=&#8221;4.9.1&#8243; custom_button=&#8221;on&#8221; button_text_size=&#8221;14px&#8221; button_text_color=&#8221;#ffffff&#8221; button_bg_color=&#8221;#383838&#8243; button_border_width=&#8221;1px&#8221; button_border_color=&#8221;#383838&#8243; button_border_radius=&#8221;0px&#8221; button_letter_spacing=&#8221;1px&#8221; button_font=&#8221;Poppins|||on|||||&#8221; button_use_icon=&#8221;off&#8221; custom_margin=&#8221;||&#8221; custom_padding=&#8221;17px|30px|17px|30px|true|true&#8221; button_bg_color__hover_enabled=&#8221;on&#8221; button_bg_color__hover=&#8221;#bfbfbf&#8221; button_letter_spacing__hover_enabled=&#8221;on&#8221; button_letter_spacing__hover=&#8221;2px&#8221; button_border_color__hover_enabled=&#8221;on&#8221; button_border_color__hover=&#8221;#bfbfbf&#8221; button_text_color__hover_enabled=&#8221;on&#8221; button_text_color__hover=&#8221;#000000&#8243;][\/et_pb_button][\/et_pb_column][\/et_pb_row][\/et_pb_section][et_pb_section fb_built=&#8221;1&#8243; admin_label=&#8221;Popup &#8211; #droonivideo&#8221; module_id=&#8221;droonivideo&#8221; module_class=&#8221;popup&#8221; _builder_version=&#8221;4.7.6&#8243; _module_preset=&#8221;default&#8221; da_is_popup=&#8221;on&#8221; da_popup_slug=&#8221;droonivideo&#8221; da_disable_devices=&#8221;off|off|off&#8221; da_exit_intent=&#8221;off&#8221; da_has_close=&#8221;on&#8221; da_alt_close=&#8221;off&#8221; da_dark_close=&#8221;off&#8221; da_not_modal=&#8221;on&#8221; da_is_singular=&#8221;off&#8221; da_with_loader=&#8221;off&#8221; da_has_shadow=&#8221;on&#8221;][et_pb_row column_structure=&#8221;1_2,1_2&#8243; _builder_version=&#8221;4.7.6&#8243; _module_preset=&#8221;default&#8221;][et_pb_column type=&#8221;1_2&#8243; _builder_version=&#8221;4.7.6&#8243; _module_preset=&#8221;default&#8221;][et_pb_text _builder_version=&#8221;4.7.6&#8243; _module_preset=&#8221;default&#8221; text_font=&#8221;Oswald||||||||&#8221; text_text_color=&#8221;#000000&#8243; text_font_size=&#8221;20px&#8221; header_font=&#8221;Oswald||||||||&#8221; custom_margin=&#8221;||2px|||&#8221;]S\u00dcGIS 2020<br \/>\n[\/et_pb_text][et_pb_divider color=&#8221;#aac069&#8243; divider_weight=&#8221;5px&#8221; _builder_version=&#8221;4.7.6&#8243; _module_preset=&#8221;default&#8221; width=&#8221;10%&#8221; custom_margin=&#8221;||-7px|||&#8221;][\/et_pb_divider][et_pb_video src=&#8221;https:\/\/ammepark.eu\/wp-content\/uploads\/2021\/01\/Arendus-linnulennult.mp4&#8243; _builder_version=&#8221;4.7.6&#8243; _module_preset=&#8221;default&#8221;][\/et_pb_video][\/et_pb_column][et_pb_column type=&#8221;1_2&#8243; _builder_version=&#8221;4.7.6&#8243; _module_preset=&#8221;default&#8221;][et_pb_text _builder_version=&#8221;4.7.6&#8243; _module_preset=&#8221;default&#8221; text_font=&#8221;Oswald||||||||&#8221; text_text_color=&#8221;#000000&#8243; text_font_size=&#8221;20px&#8221; header_font=&#8221;Oswald||||||||&#8221; custom_margin=&#8221;||2px|||&#8221; locked=&#8221;off&#8221;]TALV 2021<br \/>\n[\/et_pb_text][et_pb_divider color=&#8221;#aac069&#8243; divider_weight=&#8221;5px&#8221; _builder_version=&#8221;4.7.6&#8243; _module_preset=&#8221;default&#8221; width=&#8221;10%&#8221; custom_margin=&#8221;||-7px|||&#8221; locked=&#8221;off&#8221;][\/et_pb_divider][et_pb_video src_webm=&#8221;https:\/\/ammepark.eu\/wp-content\/uploads\/2021\/01\/videoplayback-1.webm&#8221; _builder_version=&#8221;4.7.6&#8243; _module_preset=&#8221;default&#8221;][\/et_pb_video][\/et_pb_column][\/et_pb_row][\/et_pb_section][et_pb_section fb_built=&#8221;1&#8243; disabled_on=&#8221;on|on|on&#8221; _builder_version=&#8221;4.9.1&#8243; custom_padding=&#8221;40px|0px|44px|0px|false|false&#8221; da_disable_devices=&#8221;off|off|off&#8221; disabled=&#8221;on&#8221; da_is_popup=&#8221;off&#8221; da_exit_intent=&#8221;off&#8221; da_has_close=&#8221;on&#8221; da_alt_close=&#8221;off&#8221; da_dark_close=&#8221;off&#8221; da_not_modal=&#8221;on&#8221; da_is_singular=&#8221;off&#8221; da_with_loader=&#8221;off&#8221; da_has_shadow=&#8221;on&#8221;][et_pb_row _builder_version=&#8221;4.7.6&#8243; _module_preset=&#8221;default&#8221; custom_padding=&#8221;0px||0px|||&#8221;][et_pb_column type=&#8221;4_4&#8243; _builder_version=&#8221;4.7.6&#8243; _module_preset=&#8221;default&#8221;][et_pb_text _builder_version=&#8221;4.7.6&#8243; _module_preset=&#8221;default&#8221; text_font=&#8221;Oswald||||||||&#8221; text_text_color=&#8221;#000000&#8243; header_font=&#8221;Oswald||||||||&#8221; header_text_color=&#8221;#000000&#8243; header_3_font=&#8221;Oswald|700||on|||||&#8221; header_3_text_align=&#8221;center&#8221; header_3_text_color=&#8221;#000000&#8243; header_3_font_size=&#8221;28px&#8221; header_3_letter_spacing=&#8221;2px&#8221; header_3_line_height=&#8221;1.9em&#8221; text_orientation=&#8221;center&#8221; locked=&#8221;off&#8221;]\n<h3>Pria toetus<\/h3>\n[\/et_pb_text][et_pb_text _builder_version=&#8221;4.7.6&#8243; _module_preset=&#8221;default&#8221; text_font=&#8221;Poppins|300|||||||&#8221; text_text_color=&#8221;#000000&#8243; text_font_size=&#8221;21px&#8221; text_line_height=&#8221;1em&#8221; text_orientation=&#8221;center&#8221; locked=&#8221;off&#8221;]Koht on soodne v\u00e4ikeettev\u00f5tluse arendamiseks, kuna 80% sellest on elamumaa ja 20%\u00a0\u00e4rimaa.<\/p>\n<p>M\u00e4rtsis 2021 avab PRIA &#8221;Maapiirkonnas majandustegevuse mitmekesistamise toetuse&#8221; taotlusvooru.<\/p>\n<p>See on hea v\u00f5imalus taotleda tegevuste ja teenuste v\u00e4ljaarendamiseks kuni 150 000 eurot toetust.<br \/>\n[\/et_pb_text][\/et_pb_column][\/et_pb_row][et_pb_row column_structure=&#8221;1_2,1_2&#8243; _builder_version=&#8221;4.7.6&#8243; _module_preset=&#8221;default&#8221; custom_padding=&#8221;60px|||||&#8221;][et_pb_column type=&#8221;1_2&#8243; _builder_version=&#8221;4.7.6&#8243; _module_preset=&#8221;default&#8221;][et_pb_video src=&#8221;https:\/\/ammepark.eu\/wp-content\/uploads\/2021\/01\/Maapiirkonnas-majandustegevuse-mitmekesistamise-toetus-kellele-ja-milleks_.mp4&#8243; thumbnail_overlay_color=&#8221;rgba(0,0,0,0.6)&#8221; _builder_version=&#8221;4.7.6&#8243; _module_preset=&#8221;default&#8221;][\/et_pb_video][\/et_pb_column][et_pb_column type=&#8221;1_2&#8243; _builder_version=&#8221;4.7.6&#8243; _module_preset=&#8221;default&#8221;][et_pb_video src=&#8221;https:\/\/ammepark.eu\/wp-content\/uploads\/2021\/01\/Mitmekesistamise-toetus-mis-valdkonna-ettevotted-saavad-seda-taotleda_.mp4&#8243; thumbnail_overlay_color=&#8221;rgba(0,0,0,0.6)&#8221; _builder_version=&#8221;4.7.6&#8243; _module_preset=&#8221;default&#8221;][\/et_pb_video][\/et_pb_column][\/et_pb_row][et_pb_row column_structure=&#8221;1_2,1_2&#8243; _builder_version=&#8221;4.7.6&#8243; _module_preset=&#8221;default&#8221;][et_pb_column type=&#8221;1_2&#8243; _builder_version=&#8221;4.7.6&#8243; _module_preset=&#8221;default&#8221;][et_pb_video src=&#8221;https:\/\/ammepark.eu\/wp-content\/uploads\/2021\/01\/Mitmekesistamise-toetus-kuidas-koostada-finantsprognoosi-I.mp4&#8243; thumbnail_overlay_color=&#8221;rgba(0,0,0,0.6)&#8221; _builder_version=&#8221;4.7.6&#8243; _module_preset=&#8221;default&#8221;][\/et_pb_video][\/et_pb_column][et_pb_column type=&#8221;1_2&#8243; _builder_version=&#8221;4.7.6&#8243; _module_preset=&#8221;default&#8221;][et_pb_video src=&#8221;https:\/\/ammepark.eu\/wp-content\/uploads\/2021\/01\/Mitmekesistamise-toetus-kui-suured-ettevotted-saavad-seda-kasutada_.mp4&#8243; thumbnail_overlay_color=&#8221;rgba(0,0,0,0.6)&#8221; _builder_version=&#8221;4.7.6&#8243; _module_preset=&#8221;default&#8221;][\/et_pb_video][\/et_pb_column][\/et_pb_row][\/et_pb_section]\n","protected":false},"excerpt":{"rendered":"<p>Amme Tervisepark Tartossa, Ropkan kartanon alueella toimiva AS Dentes laajentaa toimintaansa Amme-jokeen rajoittuvalla luonnonkauniilla alueella, jonne 27 hehtaarin kokoiselle alueelle rakennetaan kokonaisvaltainen elin- ja lomailukeskus &#8211; Amme Tervisepark eli Ammen terveyspuistoAmme Tervisepark perustetaan Tartosta 15 minuutin ajomatkan p\u00e4\u00e4h\u00e4n, J\u00f5hvin valtatien vieress\u00e4 sijaitsevalle 27 hehtaarin kokoiselle Amme-jokeen rajoittuvalle tontille. Amme Terviseparkin idea on l\u00e4htenyt Ropkam\u00f5isa H\u00e4rrastemajast [&hellip;]<\/p>\n","protected":false},"author":1,"featured_media":0,"parent":0,"menu_order":0,"comment_status":"open","ping_status":"open","template":"","meta":{"_et_pb_use_builder":"on","_et_pb_old_content":"","_et_gb_content_width":"","footnotes":""},"class_list":["post-25576","page","type-page","status-publish","hentry"],"_links":{"self":[{"href":"https:\/\/ammepark.eu\/fi\/wp-json\/wp\/v2\/pages\/25576","targetHints":{"allow":["GET"]}}],"collection":[{"href":"https:\/\/ammepark.eu\/fi\/wp-json\/wp\/v2\/pages"}],"about":[{"href":"https:\/\/ammepark.eu\/fi\/wp-json\/wp\/v2\/types\/page"}],"author":[{"embeddable":true,"href":"https:\/\/ammepark.eu\/fi\/wp-json\/wp\/v2\/users\/1"}],"replies":[{"embeddable":true,"href":"https:\/\/ammepark.eu\/fi\/wp-json\/wp\/v2\/comments?post=25576"}],"version-history":[{"count":9,"href":"https:\/\/ammepark.eu\/fi\/wp-json\/wp\/v2\/pages\/25576\/revisions"}],"predecessor-version":[{"id":25588,"href":"https:\/\/ammepark.eu\/fi\/wp-json\/wp\/v2\/pages\/25576\/revisions\/25588"}],"wp:attachment":[{"href":"https:\/\/ammepark.eu\/fi\/wp-json\/wp\/v2\/media?parent=25576"}],"curies":[{"name":"wp","href":"https:\/\/api.w.org\/{rel}","templated":true}]}}