{"id":25445,"date":"2021-03-20T08:50:58","date_gmt":"2021-03-20T08:50:58","guid":{"rendered":"https:\/\/ammepark.eu\/?page_id=25445"},"modified":"2021-03-22T13:32:24","modified_gmt":"2021-03-22T13:32:24","slug":"avaleht","status":"publish","type":"page","link":"https:\/\/ammepark.eu\/en\/","title":{"rendered":"Home page"},"content":{"rendered":"[et_pb_section fb_built=&#8221;1&#8243; custom_padding_last_edited=&#8221;on|phone&#8221; admin_label=&#8221;Section&#8221; _builder_version=&#8221;4.9.1&#8243; use_background_color_gradient=&#8221;on&#8221; background_color_gradient_start=&#8221;rgba(0,0,0,0.46)&#8221; background_color_gradient_end=&#8221;rgba(0,0,0,0.4)&#8221; background_color_gradient_overlays_image=&#8221;on&#8221; background_image=&#8221;https:\/\/ammepark.eu\/wp-content\/uploads\/2021\/01\/Ropka-moise-harrastemaja.jpg&#8221; custom_margin=&#8221;||50px|||&#8221; custom_padding=&#8221;300px||300px||true|false&#8221; custom_padding_tablet=&#8221;120px||||false|false&#8221; custom_padding_phone=&#8221;120px||||false|false&#8221; da_disable_devices=&#8221;off|off|off&#8221; da_is_popup=&#8221;off&#8221; da_exit_intent=&#8221;off&#8221; da_has_close=&#8221;on&#8221; da_alt_close=&#8221;off&#8221; da_dark_close=&#8221;off&#8221; da_not_modal=&#8221;on&#8221; da_is_singular=&#8221;off&#8221; da_with_loader=&#8221;off&#8221; da_has_shadow=&#8221;on&#8221;][et_pb_row use_custom_gutter=&#8221;on&#8221; gutter_width=&#8221;2&#8243; make_equal=&#8221;on&#8221; _builder_version=&#8221;4.4.7&#8243; width=&#8221;90%&#8221; width_tablet=&#8221;90%&#8221; width_phone=&#8221;90%&#8221; width_last_edited=&#8221;on|tablet&#8221; max_width=&#8221;1120px&#8221; max_width_tablet=&#8221;90%&#8221; max_width_phone=&#8221;90%&#8221; max_width_last_edited=&#8221;on|desktop&#8221; custom_padding=&#8221;0px||0px||true|&#8221; animation_style=&#8221;slide&#8221; animation_direction=&#8221;top&#8221; animation_duration=&#8221;1500ms&#8221;][et_pb_column type=&#8221;4_4&#8243; _builder_version=&#8221;4.4.7&#8243;][et_pb_text _builder_version=&#8221;4.9.1&#8243; header_font=&#8221;Oswald|||on|||||&#8221; header_text_align=&#8221;left&#8221; header_text_color=&#8221;#ffffff&#8221; header_font_size=&#8221;80px&#8221; header_letter_spacing=&#8221;3px&#8221; header_line_height=&#8221;1.1em&#8221; header_font_size_tablet=&#8221;60px&#8221; header_font_size_phone=&#8221;50px&#8221; header_font_size_last_edited=&#8221;on|phone&#8221;]\n<h1>Amme healtH PARK<\/h1>\n[\/et_pb_text][et_pb_text _builder_version=&#8221;4.9.1&#8243; text_font=&#8221;Poppins|300|||||||&#8221; text_text_color=&#8221;#ffffff&#8221; text_font_size=&#8221;22px&#8221; text_line_height=&#8221;1.4em&#8221; max_width=&#8221;539px&#8221; module_alignment=&#8221;left&#8221; custom_margin_tablet=&#8221;-10px||||false|false&#8221; custom_margin_phone=&#8221;-10px||||false|false&#8221; custom_margin_last_edited=&#8221;on|phone&#8221;]\n<p>AS Dentes, operating in the Ropka Manor complex in Tartu, is expanding its activities into a scenic area bordering the Amme River, where a holistic residential and recreation complex \u2013 the Amme Health Park \u2013 will be built on a 27-hectare area.<\/p>\n[\/et_pb_text][\/et_pb_column][\/et_pb_row][\/et_pb_section][et_pb_section fb_built=&#8221;1&#8243; admin_label=&#8221;Section&#8221; _builder_version=&#8221;4.7.6&#8243; custom_padding=&#8221;1px||100px||false|false&#8221; da_disable_devices=&#8221;off|off|off&#8221; da_is_popup=&#8221;off&#8221; da_exit_intent=&#8221;off&#8221; da_has_close=&#8221;on&#8221; da_alt_close=&#8221;off&#8221; da_dark_close=&#8221;off&#8221; da_not_modal=&#8221;on&#8221; da_is_singular=&#8221;off&#8221; da_with_loader=&#8221;off&#8221; da_has_shadow=&#8221;on&#8221;][et_pb_row column_structure=&#8221;2_5,3_5&#8243; use_custom_gutter=&#8221;on&#8221; gutter_width=&#8221;1&#8243; make_equal=&#8221;on&#8221; module_id=&#8221;location&#8221; _builder_version=&#8221;4.9.1&#8243; background_color_gradient_direction=&#8221;90deg&#8221; background_size=&#8221;contain&#8221; width=&#8221;90%&#8221; width_tablet=&#8221;90%&#8221; width_phone=&#8221;90%&#8221; width_last_edited=&#8221;on|tablet&#8221; max_width=&#8221;1700px&#8221; max_width_tablet=&#8221;90%&#8221; max_width_phone=&#8221;90%&#8221; max_width_last_edited=&#8221;on|desktop&#8221; min_height=&#8221;600px&#8221; custom_margin=&#8221;60px|auto||auto|false|false&#8221; custom_padding=&#8221;0px||0px||false|false&#8221;][et_pb_column type=&#8221;2_5&#8243; _builder_version=&#8221;4.4.7&#8243;][et_pb_cta title=&#8221;Location&#8221; button_text=&#8221;read more&#8221; _builder_version=&#8221;4.9.1&#8243; header_font=&#8221;Oswald|700||on|||||&#8221; header_text_align=&#8221;left&#8221; header_text_color=&#8221;#ffffff&#8221; header_font_size=&#8221;28px&#8221; header_letter_spacing=&#8221;2px&#8221; header_line_height=&#8221;1.9em&#8221; body_font=&#8221;Poppins|300|||||||&#8221; body_text_align=&#8221;left&#8221; body_text_color=&#8221;#ffffff&#8221; body_font_size=&#8221;17px&#8221; body_line_height=&#8221;1.8em&#8221; background_color=&#8221;#aac069&#8243; custom_button=&#8221;on&#8221; button_text_size=&#8221;15px&#8221; button_text_color=&#8221;#ffffff&#8221; button_bg_color=&#8221;rgba(0,0,0,0)&#8221; button_border_width=&#8221;0px&#8221; button_border_color=&#8221;rgba(0,0,0,0)&#8221; button_border_radius=&#8221;0px&#8221; button_letter_spacing=&#8221;1px&#8221; button_font=&#8221;Oswald|||on|||||&#8221; button_icon=&#8221;%%3%%&#8221; button_on_hover=&#8221;off&#8221; button_alignment=&#8221;left&#8221; button_custom_margin=&#8221;10px||||false|false&#8221; button_custom_padding=&#8221;0px|0px|0px|0px|true|true&#8221; min_height=&#8221;500px&#8221; custom_margin_tablet=&#8221;|100px|||true|false&#8221; custom_margin_phone=&#8221;90px|50px|90px||true|false&#8221; custom_margin_last_edited=&#8221;off|desktop&#8221; custom_padding=&#8221;54px|60px|54px|60px|true|true&#8221; custom_padding_tablet=&#8221;&#8221; custom_padding_phone=&#8221;25px|25px|25px|25px|true|true&#8221; custom_padding_last_edited=&#8221;on|phone&#8221; scroll_vertical_motion=&#8221;0|50|50|100|4|0|-1&#8243; scroll_vertical_motion_tablet=&#8221;0|50|50|100|0|0|0&#8243; scroll_vertical_motion_phone=&#8221;0|50|50|100|0|0|0&#8243; scroll_vertical_motion_last_edited=&#8221;on|phone&#8221; button_text_color__hover_enabled=&#8221;on|hover&#8221; button_text_color__hover=&#8221;#ffffff&#8221; button_bg_color__hover_enabled=&#8221;on|hover&#8221; button_bg_color__hover=&#8221;rgba(0,0,0,0)&#8221; button_bg_enable_color__hover=&#8221;on&#8221; button_border_color__hover_enabled=&#8221;on|hover&#8221; button_border_color__hover=&#8221;rgba(0,0,0,0)&#8221; button_letter_spacing__hover_enabled=&#8221;on|desktop&#8221; button_letter_spacing__hover=&#8221;2px&#8221;]\n<p>Amme Health Park will be built a 15-minute drive away from Tartu, on a 27-hectare property by J\u00f5hvi highway that is bordered by Amme River.<\/p>\n<p>The idea of the Amme Health Park came from Ropka Manor, which is located in Tartu and has been offering various health services for 25 years.<\/p>\n<p>This is a thriving region of Tartu County, where entrepreneurship has also been developing.<\/p>\n<p>There are various leisure opportunities all around. The L\u00e4hte and Vedu health trails and the Saadj\u00e4rv, Soitsj\u00e4rv, and Elistvere lakes are located nearby.<\/p>\n<p>The much-visited Ice Age Centre is also close by, and the Elistvere Manor, together with the Elistvere Animal Park established in the large manor park, is also located in its proximity.<\/p>\n[\/et_pb_cta][\/et_pb_column][et_pb_column type=&#8221;3_5&#8243; _builder_version=&#8221;4.7.6&#8243;][et_pb_image src=&#8221;https:\/\/ammepark.eu\/wp-content\/uploads\/2021\/01\/Amme-Tervisepark-koos-umbruskonnaga-1.jpg&#8221; title_text=&#8221;Amme Tervisepark koos \u00fcmbruskonnaga (1)&#8221; show_in_lightbox=&#8221;on&#8221; _builder_version=&#8221;4.9.1&#8243; _module_preset=&#8221;default&#8221; min_height=&#8221;679px&#8221; min_height_tablet=&#8221;&#8221; min_height_phone=&#8221;&#8221; min_height_last_edited=&#8221;on|phone&#8221;][\/et_pb_image][\/et_pb_column][\/et_pb_row][\/et_pb_section][et_pb_section fb_built=&#8221;1&#8243; admin_label=&#8221;Section&#8221; module_id=&#8221;introduction&#8221; _builder_version=&#8221;4.9.1&#8243; background_color=&#8221;#ffffff&#8221; custom_padding=&#8221;0px||0px||true&#8221; da_popup_slug=&#8221;introduction&#8221; da_disable_devices=&#8221;off|off|off&#8221; da_is_popup=&#8221;off&#8221; da_exit_intent=&#8221;off&#8221; da_has_close=&#8221;on&#8221; da_alt_close=&#8221;off&#8221; da_dark_close=&#8221;off&#8221; da_not_modal=&#8221;on&#8221; da_is_singular=&#8221;off&#8221; da_with_loader=&#8221;off&#8221; da_has_shadow=&#8221;on&#8221;][et_pb_row column_structure=&#8221;2_5,3_5&#8243; use_custom_gutter=&#8221;on&#8221; gutter_width=&#8221;1&#8243; make_equal=&#8221;on&#8221; padding_top_bottom_link_1=&#8221;true&#8221; padding_top_bottom_link_2=&#8221;true&#8221; padding_left_right_link_1=&#8221;true&#8221; padding_left_right_link_2=&#8221;true&#8221; module_id=&#8221;tutvustus&#8221; module_class=&#8221; et_pb_row_fullwidth&#8221; _builder_version=&#8221;4.7.6&#8243; width=&#8221;90%&#8221; width_tablet=&#8221;100%&#8221; width_phone=&#8221;&#8221; width_last_edited=&#8221;on|desktop&#8221; max_width=&#8221;100%&#8221; max_width_tablet=&#8221;100%&#8221; max_width_phone=&#8221;&#8221; max_width_last_edited=&#8221;on|desktop&#8221; custom_padding=&#8221;0px||0px|&#8221; make_fullwidth=&#8221;on&#8221;][et_pb_column type=&#8221;2_5&#8243; _builder_version=&#8221;4.7.6&#8243; background_enable_image=&#8221;off&#8221; custom_padding=&#8221;|||&#8221; custom_padding__hover=&#8221;|||&#8221;][et_pb_image src=&#8221;https:\/\/ammepark.eu\/wp-content\/uploads\/2021\/02\/Pealtvaade-2_10.02.21.jpg&#8221; title_text=&#8221;Pealtvaade-2_10.02.21&#8243; show_in_lightbox=&#8221;on&#8221; _builder_version=&#8221;4.7.6&#8243; _module_preset=&#8221;default&#8221; width=&#8221;100%&#8221; width_tablet=&#8221;90%&#8221; width_phone=&#8221;&#8221; width_last_edited=&#8221;on|phone&#8221; module_alignment_tablet=&#8221;center&#8221; module_alignment_phone=&#8221;&#8221; module_alignment_last_edited=&#8221;on|tablet&#8221;][\/et_pb_image][et_pb_image src=&#8221;https:\/\/ammepark.eu\/wp-content\/uploads\/2021\/02\/Pealtvaade-1_10.02.21.jpg&#8221; title_text=&#8221;Pealtvaade-1_10.02.21&#8243; show_in_lightbox=&#8221;on&#8221; _builder_version=&#8221;4.7.6&#8243; _module_preset=&#8221;default&#8221; width_tablet=&#8221;90%&#8221; width_phone=&#8221;&#8221; width_last_edited=&#8221;on|tablet&#8221; custom_margin=&#8221;10px||||false|false&#8221; module_alignment_tablet=&#8221;center&#8221; module_alignment_phone=&#8221;&#8221; module_alignment_last_edited=&#8221;on|phone&#8221;][\/et_pb_image][et_pb_text _builder_version=&#8221;4.9.1&#8243; _module_preset=&#8221;default&#8221; text_font=&#8221;Poppins|300|||||||&#8221; text_text_color=&#8221;#000000&#8243; text_font_size=&#8221;16px&#8221; text_line_height=&#8221;1.4em&#8221; width_tablet=&#8221;90%&#8221; width_phone=&#8221;&#8221; width_last_edited=&#8221;on|tablet&#8221; custom_margin=&#8221;16px||||false|false&#8221; module_alignment_tablet=&#8221;center&#8221; module_alignment_phone=&#8221;&#8221; module_alignment_last_edited=&#8221;on|phone&#8221;]\n<p>There is a total of seven + one of these unique plots for sale in the complex: <strong>Kuuse, Seedri, Kadaka, Tamme, Saare, Paju, Lepa + Saviveere<\/strong> (see scheme).<\/p>\n[\/et_pb_text][\/et_pb_column][et_pb_column type=&#8221;3_5&#8243; _builder_version=&#8221;4.7.6&#8243; background_enable_color=&#8221;off&#8221; custom_padding=&#8221;7%|7%|7%|7%&#8221; custom_padding__hover=&#8221;|||&#8221;][et_pb_text _builder_version=&#8221;4.9.1&#8243; text_font=&#8221;Oswald||||||||&#8221; header_font=&#8221;Oswald|600||on|||||&#8221; header_text_color=&#8221;#000000&#8243; header_font_size=&#8221;40px&#8221; header_2_font=&#8221;||||||||&#8221; header_2_font_size=&#8221;15px&#8221; custom_margin=&#8221;-123px||||false|false&#8221; custom_margin_tablet=&#8221;0px||||false|false&#8221; custom_margin_phone=&#8221;&#8221; custom_margin_last_edited=&#8221;on|tablet&#8221; custom_padding=&#8221;||34px|&#8221; header_font_size_tablet=&#8221;&#8221; header_font_size_phone=&#8221;25px&#8221; header_font_size_last_edited=&#8221;on|phone&#8221;]\n<h1>Introduction<\/h1>\n[\/et_pb_text][et_pb_divider color=&#8221;#000000&#8243; divider_weight=&#8221;2px&#8221; _builder_version=&#8221;3.23.3&#8243; max_width=&#8221;108px&#8221; module_alignment=&#8221;left&#8221; custom_margin=&#8221;-15px||5px|&#8221;][\/et_pb_divider][et_pb_text _builder_version=&#8221;4.9.1&#8243; text_font=&#8221;Poppins|300|||||||&#8221; text_text_color=&#8221;#000000&#8243; text_font_size=&#8221;17px&#8221; text_line_height=&#8221;1.8em&#8221; link_font=&#8221;Poppins|300|||on||||&#8221; link_text_color=&#8221;#aac069&#8243; header_font=&#8221;Merriweather|700|||||||&#8221; header_text_color=&#8221;#443846&#8243; header_font_size=&#8221;43px&#8221; header_2_font=&#8221;||||||||&#8221; header_2_font_size=&#8221;15px&#8221; custom_margin=&#8221;|||&#8221; custom_padding=&#8221;||34px|&#8221;]\n<p>We wish to create a holistic living and recreation complex where everyone can feel good, regardless of their age, gender, social affiliation, or origin.<\/p>\n<p>The developer also wants to contribute to the formation of a community in rural areas. To create a high quality of life, the project involves a variety of service providers to create the ideal conditions for living, resting, improving and maintaining health, as well as recreational activities related to leisure, sports, fishing, arts, and mastering skills. Based on the visitor\u2019s preferences, dignity, quality, professionalism, and complexity of services will be given priority. Added value is provided by the beautiful nature with tastefully designed recreation areas.<\/p>\n<p>There are several different ways to start living and\/or doing business at Amme Health Park.<\/p>\n<p>The rear area is divided into eleven plots of 1\u20134 ha, bordering the Amme River.<\/p>\n<p>It is also possible to build a pond on the plots.<\/p>\n<p>The plots are suitable for both building a home and setting up a small business.<\/p>\n<p><a href=\"https:\/\/ammepark.eu\/krundid\"><strong>See more information<\/strong><\/a><\/p>\n<p>Two buildings connected to each other by a gallery will be built on the first 5 hectares of land; the first building will house a spa and a sauna centre with various beauty and health service providers and a caf\u00e9, and exclusive apartments will be built in the second building.<\/p>\n<p><a href=\"https:\/\/ammepark.eu\/apartmendid\"><strong>See more information<\/strong><\/a><\/p>\n<p>Hiking and running trails, a public beach area, fishing opportunities, disc golf courses, a shared barbecue area, and a campfire site will be built in the Amme Health Park area.<\/p>\n<p>Amme Health Park is an ideal place for people who have dreamed of a comfortable and safe habitat that is close to nature.<\/p>\n[\/et_pb_text][et_pb_button button_url=&#8221;#droonivideo&#8221; button_text=&#8221;Watch the drone video&#8221; button_alignment=&#8221;left&#8221; _builder_version=&#8221;4.9.1&#8243; custom_button=&#8221;on&#8221; button_text_size=&#8221;14px&#8221; button_text_color=&#8221;#ffffff&#8221; button_bg_color=&#8221;#383838&#8243; button_border_width=&#8221;1px&#8221; button_border_color=&#8221;#383838&#8243; button_border_radius=&#8221;0px&#8221; button_letter_spacing=&#8221;1px&#8221; button_font=&#8221;Poppins|||on|||||&#8221; button_use_icon=&#8221;off&#8221; custom_margin=&#8221;||&#8221; custom_padding=&#8221;17px|30px|17px|30px|true|true&#8221; button_bg_color__hover_enabled=&#8221;on&#8221; button_bg_color__hover=&#8221;#bfbfbf&#8221; button_letter_spacing__hover_enabled=&#8221;on&#8221; button_letter_spacing__hover=&#8221;2px&#8221; button_border_color__hover_enabled=&#8221;on&#8221; button_border_color__hover=&#8221;#bfbfbf&#8221; button_text_color__hover_enabled=&#8221;on&#8221; button_text_color__hover=&#8221;#000000&#8243;][\/et_pb_button][\/et_pb_column][\/et_pb_row][\/et_pb_section][et_pb_section fb_built=&#8221;1&#8243; admin_label=&#8221;Popup &#8211; #droonivideo&#8221; module_id=&#8221;droonivideo&#8221; module_class=&#8221;popup&#8221; _builder_version=&#8221;4.7.6&#8243; _module_preset=&#8221;default&#8221; da_is_popup=&#8221;on&#8221; da_popup_slug=&#8221;droonivideo&#8221; da_disable_devices=&#8221;off|off|off&#8221; da_exit_intent=&#8221;off&#8221; da_has_close=&#8221;on&#8221; da_alt_close=&#8221;off&#8221; da_dark_close=&#8221;off&#8221; da_not_modal=&#8221;on&#8221; da_is_singular=&#8221;off&#8221; da_with_loader=&#8221;off&#8221; da_has_shadow=&#8221;on&#8221;][et_pb_row column_structure=&#8221;1_2,1_2&#8243; _builder_version=&#8221;4.7.6&#8243; _module_preset=&#8221;default&#8221;][et_pb_column type=&#8221;1_2&#8243; _builder_version=&#8221;4.7.6&#8243; _module_preset=&#8221;default&#8221;][et_pb_text _builder_version=&#8221;4.9.1&#8243; _module_preset=&#8221;default&#8221; text_font=&#8221;Oswald||||||||&#8221; text_text_color=&#8221;#000000&#8243; text_font_size=&#8221;20px&#8221; header_font=&#8221;Oswald||||||||&#8221; custom_margin=&#8221;||2px|||&#8221;]\n<p>AUTUMN 2020<\/p>\n[\/et_pb_text][et_pb_divider color=&#8221;#aac069&#8243; divider_weight=&#8221;5px&#8221; _builder_version=&#8221;4.7.6&#8243; _module_preset=&#8221;default&#8221; width=&#8221;10%&#8221; custom_margin=&#8221;||-7px|||&#8221;][\/et_pb_divider][et_pb_video src=&#8221;https:\/\/ammepark.eu\/wp-content\/uploads\/2021\/01\/Arendus-linnulennult.mp4&#8243; _builder_version=&#8221;4.7.6&#8243; _module_preset=&#8221;default&#8221;][\/et_pb_video][\/et_pb_column][et_pb_column type=&#8221;1_2&#8243; _builder_version=&#8221;4.7.6&#8243; _module_preset=&#8221;default&#8221;][et_pb_text _builder_version=&#8221;4.9.1&#8243; _module_preset=&#8221;default&#8221; text_font=&#8221;Oswald||||||||&#8221; text_text_color=&#8221;#000000&#8243; text_font_size=&#8221;20px&#8221; header_font=&#8221;Oswald||||||||&#8221; custom_margin=&#8221;||2px|||&#8221; locked=&#8221;off&#8221;]\n<p>WINTER 2021<\/p>\n[\/et_pb_text][et_pb_divider color=&#8221;#aac069&#8243; divider_weight=&#8221;5px&#8221; _builder_version=&#8221;4.7.6&#8243; _module_preset=&#8221;default&#8221; width=&#8221;10%&#8221; custom_margin=&#8221;||-7px|||&#8221; locked=&#8221;off&#8221;][\/et_pb_divider][et_pb_video src_webm=&#8221;https:\/\/ammepark.eu\/wp-content\/uploads\/2021\/01\/videoplayback-1.webm&#8221; _builder_version=&#8221;4.7.6&#8243; _module_preset=&#8221;default&#8221;][\/et_pb_video][\/et_pb_column][\/et_pb_row][\/et_pb_section][et_pb_section fb_built=&#8221;1&#8243; admin_label=&#8221;Section&#8221; _builder_version=&#8221;4.9.1&#8243; custom_padding=&#8221;40px|0px|44px|0px|false|false&#8221; hover_enabled=&#8221;0&#8243; da_disable_devices=&#8221;off|off|off&#8221; disabled_on=&#8221;on|on|on&#8221; disabled=&#8221;on&#8221; sticky_enabled=&#8221;0&#8243; da_is_popup=&#8221;off&#8221; da_exit_intent=&#8221;off&#8221; da_has_close=&#8221;on&#8221; da_alt_close=&#8221;off&#8221; da_dark_close=&#8221;off&#8221; da_not_modal=&#8221;on&#8221; da_is_singular=&#8221;off&#8221; da_with_loader=&#8221;off&#8221; da_has_shadow=&#8221;on&#8221;][et_pb_row _builder_version=&#8221;4.7.6&#8243; _module_preset=&#8221;default&#8221; custom_padding=&#8221;0px||0px|||&#8221;][et_pb_column type=&#8221;4_4&#8243; _builder_version=&#8221;4.7.6&#8243; _module_preset=&#8221;default&#8221;][et_pb_text _builder_version=&#8221;4.7.6&#8243; _module_preset=&#8221;default&#8221; text_font=&#8221;Oswald||||||||&#8221; text_text_color=&#8221;#000000&#8243; header_font=&#8221;Oswald||||||||&#8221; header_text_color=&#8221;#000000&#8243; header_3_font=&#8221;Oswald|700||on|||||&#8221; header_3_text_align=&#8221;center&#8221; header_3_text_color=&#8221;#000000&#8243; header_3_font_size=&#8221;28px&#8221; header_3_letter_spacing=&#8221;2px&#8221; header_3_line_height=&#8221;1.9em&#8221; text_orientation=&#8221;center&#8221; locked=&#8221;off&#8221;]\n<h3>Pria toetus<\/h3>\n[\/et_pb_text][et_pb_text _builder_version=&#8221;4.7.6&#8243; _module_preset=&#8221;default&#8221; text_font=&#8221;Poppins|300|||||||&#8221; text_text_color=&#8221;#000000&#8243; text_font_size=&#8221;21px&#8221; text_line_height=&#8221;1em&#8221; text_orientation=&#8221;center&#8221; locked=&#8221;off&#8221;]Koht on soodne v\u00e4ikeettev\u00f5tluse arendamiseks, kuna 80% sellest on elamumaa ja 20%\u00a0\u00e4rimaa.<\/p>\n<p>M\u00e4rtsis 2021 avab PRIA &#8220;Maapiirkonnas majandustegevuse mitmekesistamise toetuse&#8221; taotlusvooru.<\/p>\n<p>See on hea v\u00f5imalus taotleda tegevuste ja teenuste v\u00e4ljaarendamiseks kuni 150 000 eurot toetust.<br \/>\n[\/et_pb_text][\/et_pb_column][\/et_pb_row][et_pb_row column_structure=&#8221;1_2,1_2&#8243; _builder_version=&#8221;4.7.6&#8243; _module_preset=&#8221;default&#8221; custom_padding=&#8221;60px|||||&#8221;][et_pb_column type=&#8221;1_2&#8243; _builder_version=&#8221;4.7.6&#8243; _module_preset=&#8221;default&#8221;][et_pb_video src=&#8221;https:\/\/ammepark.eu\/wp-content\/uploads\/2021\/01\/Maapiirkonnas-majandustegevuse-mitmekesistamise-toetus-kellele-ja-milleks_.mp4&#8243; thumbnail_overlay_color=&#8221;rgba(0,0,0,0.6)&#8221; _builder_version=&#8221;4.7.6&#8243; _module_preset=&#8221;default&#8221;][\/et_pb_video][\/et_pb_column][et_pb_column type=&#8221;1_2&#8243; _builder_version=&#8221;4.7.6&#8243; _module_preset=&#8221;default&#8221;][et_pb_video src=&#8221;https:\/\/ammepark.eu\/wp-content\/uploads\/2021\/01\/Mitmekesistamise-toetus-mis-valdkonna-ettevotted-saavad-seda-taotleda_.mp4&#8243; thumbnail_overlay_color=&#8221;rgba(0,0,0,0.6)&#8221; _builder_version=&#8221;4.7.6&#8243; _module_preset=&#8221;default&#8221;][\/et_pb_video][\/et_pb_column][\/et_pb_row][et_pb_row column_structure=&#8221;1_2,1_2&#8243; _builder_version=&#8221;4.7.6&#8243; _module_preset=&#8221;default&#8221;][et_pb_column type=&#8221;1_2&#8243; _builder_version=&#8221;4.7.6&#8243; _module_preset=&#8221;default&#8221;][et_pb_video src=&#8221;https:\/\/ammepark.eu\/wp-content\/uploads\/2021\/01\/Mitmekesistamise-toetus-kuidas-koostada-finantsprognoosi-I.mp4&#8243; thumbnail_overlay_color=&#8221;rgba(0,0,0,0.6)&#8221; _builder_version=&#8221;4.7.6&#8243; _module_preset=&#8221;default&#8221;][\/et_pb_video][\/et_pb_column][et_pb_column type=&#8221;1_2&#8243; _builder_version=&#8221;4.7.6&#8243; _module_preset=&#8221;default&#8221;][et_pb_video src=&#8221;https:\/\/ammepark.eu\/wp-content\/uploads\/2021\/01\/Mitmekesistamise-toetus-kui-suured-ettevotted-saavad-seda-kasutada_.mp4&#8243; thumbnail_overlay_color=&#8221;rgba(0,0,0,0.6)&#8221; _builder_version=&#8221;4.7.6&#8243; _module_preset=&#8221;default&#8221;][\/et_pb_video][\/et_pb_column][\/et_pb_row][\/et_pb_section]\n","protected":false},"excerpt":{"rendered":"<p>Amme healtH PARKAS Dentes, operating in the Ropka Manor complex in Tartu, is expanding its activities into a scenic area bordering the Amme River, where a holistic residential and recreation complex \u2013 the Amme Health Park \u2013 will be built on a 27-hectare area.Amme Health Park will be built a 15-minute drive away from Tartu, [&hellip;]<\/p>\n","protected":false},"author":1,"featured_media":0,"parent":0,"menu_order":0,"comment_status":"open","ping_status":"open","template":"","meta":{"_et_pb_use_builder":"on","_et_pb_old_content":"","_et_gb_content_width":"","footnotes":""},"class_list":["post-25445","page","type-page","status-publish","hentry"],"_links":{"self":[{"href":"https:\/\/ammepark.eu\/en\/wp-json\/wp\/v2\/pages\/25445","targetHints":{"allow":["GET"]}}],"collection":[{"href":"https:\/\/ammepark.eu\/en\/wp-json\/wp\/v2\/pages"}],"about":[{"href":"https:\/\/ammepark.eu\/en\/wp-json\/wp\/v2\/types\/page"}],"author":[{"embeddable":true,"href":"https:\/\/ammepark.eu\/en\/wp-json\/wp\/v2\/users\/1"}],"replies":[{"embeddable":true,"href":"https:\/\/ammepark.eu\/en\/wp-json\/wp\/v2\/comments?post=25445"}],"version-history":[{"count":12,"href":"https:\/\/ammepark.eu\/en\/wp-json\/wp\/v2\/pages\/25445\/revisions"}],"predecessor-version":[{"id":25558,"href":"https:\/\/ammepark.eu\/en\/wp-json\/wp\/v2\/pages\/25445\/revisions\/25558"}],"wp:attachment":[{"href":"https:\/\/ammepark.eu\/en\/wp-json\/wp\/v2\/media?parent=25445"}],"curies":[{"name":"wp","href":"https:\/\/api.w.org\/{rel}","templated":true}]}}